{"id":2,"date":"2024-06-13T19:50:35","date_gmt":"2024-06-13T19:50:35","guid":{"rendered":"https:\/\/trine.com.br\/gaiga\/?page_id=2"},"modified":"2024-07-18T20:06:05","modified_gmt":"2024-07-18T20:06:05","slug":"home","status":"publish","type":"page","link":"https:\/\/trine.com.br\/gaiga\/","title":{"rendered":"Home"},"content":{"rendered":"\t\t<div data-elementor-type=\"wp-page\" data-elementor-id=\"2\" class=\"elementor elementor-2\" data-elementor-post-type=\"page\">\n\t\t\t\t<div class=\"elementor-element elementor-element-01827d3 e-flex e-con-boxed e-con e-parent\" data-id=\"01827d3\" data-element_type=\"container\" data-e-type=\"container\" data-settings=\"{&quot;background_background&quot;:&quot;classic&quot;}\">\n\t\t\t\t\t<div class=\"e-con-inner\">\n\t\t<div class=\"elementor-element elementor-element-3217ae2 e-con-full e-flex elementor-invisible e-con e-child\" data-id=\"3217ae2\" data-element_type=\"container\" data-e-type=\"container\" data-settings=\"{&quot;animation&quot;:&quot;slideInLeft&quot;,&quot;animation_delay&quot;:300}\">\n\t\t\t\t<div class=\"elementor-element elementor-element-520a09e elementor-widget elementor-widget-heading\" data-id=\"520a09e\" data-element_type=\"widget\" data-e-type=\"widget\" data-widget_type=\"heading.default\">\n\t\t\t\t<div class=\"elementor-widget-container\">\n\t\t\t\t\t<h2 class=\"elementor-heading-title elementor-size-default\">ADVOCACIA COM<\/h2>\t\t\t\t<\/div>\n\t\t\t\t<\/div>\n\t\t\t\t<div class=\"elementor-element elementor-element-4cafd51 elementor-headline--style-rotate elementor-widget elementor-widget-animated-headline\" data-id=\"4cafd51\" data-element_type=\"widget\" data-e-type=\"widget\" data-settings=\"{&quot;headline_style&quot;:&quot;rotate&quot;,&quot;animation_type&quot;:&quot;slide-down&quot;,&quot;rotating_text&quot;:&quot;CONFIAN\\u00c7A\\nINTEGRIDADE\\nRESULTADO&quot;,&quot;loop&quot;:&quot;yes&quot;,&quot;rotate_iteration_delay&quot;:2500}\" data-widget_type=\"animated-headline.default\">\n\t\t\t\t<div class=\"elementor-widget-container\">\n\t\t\t\t\t\t\t<h3 class=\"elementor-headline elementor-headline-animation-type-slide-down\">\n\t\t\t\t<span class=\"elementor-headline-dynamic-wrapper elementor-headline-text-wrapper\">\n\t\t\t\t\t<span class=\"elementor-headline-dynamic-text elementor-headline-text-active\">\n\t\t\t\tCONFIAN\u00c7A\t\t\t<\/span>\n\t\t\t\t\t<span class=\"elementor-headline-dynamic-text\">\n\t\t\t\tINTEGRIDADE\t\t\t<\/span>\n\t\t\t\t\t<span class=\"elementor-headline-dynamic-text\">\n\t\t\t\tRESULTADO\t\t\t<\/span>\n\t\t\t\t\t\t<\/span>\n\t\t\t\t<\/h3>\n\t\t\t\t\t\t<\/div>\n\t\t\t\t<\/div>\n\t\t\t\t<div class=\"elementor-element elementor-element-12dab43 elementor-view-default elementor-invisible elementor-widget elementor-widget-icon\" data-id=\"12dab43\" data-element_type=\"widget\" data-e-type=\"widget\" data-settings=\"{&quot;_animation&quot;:&quot;fadeInUp&quot;,&quot;_animation_delay&quot;:2000}\" data-widget_type=\"icon.default\">\n\t\t\t\t<div class=\"elementor-widget-container\">\n\t\t\t\t\t\t\t<div class=\"elementor-icon-wrapper\">\n\t\t\t<a class=\"elementor-icon elementor-animation-sink\" href=\"#sobre\">\n\t\t\t<svg xmlns=\"http:\/\/www.w3.org\/2000\/svg\" width=\"64\" height=\"64\" viewBox=\"0 0 64 64\" fill=\"none\"><g clip-path=\"url(#clip0_219_2)\"><path d=\"M32 63.5C49.397 63.5 63.5 49.397 63.5 32C63.5 14.603 49.397 0.5 32 0.5C14.603 0.5 0.5 14.603 0.5 32C0.5 49.397 14.603 63.5 32 63.5Z\" stroke=\"white\"><\/path><path d=\"M32 17V47M32 47L20 34.6316M32 47L44 34.6316\" stroke=\"white\"><\/path><\/g><defs><clipPath id=\"clip0_219_2\"><rect width=\"64\" height=\"64\" fill=\"white\"><\/rect><\/clipPath><\/defs><\/svg>\t\t\t<\/a>\n\t\t<\/div>\n\t\t\t\t\t\t<\/div>\n\t\t\t\t<\/div>\n\t\t\t\t<\/div>\n\t\t<div class=\"elementor-element elementor-element-11f8185 e-con-full elementor-hidden-tablet elementor-hidden-mobile e-flex elementor-invisible e-con e-child\" data-id=\"11f8185\" data-element_type=\"container\" data-e-type=\"container\" data-settings=\"{&quot;animation&quot;:&quot;slideInRight&quot;,&quot;animation_delay&quot;:3500}\">\n\t\t\t\t<\/div>\n\t\t\t\t\t<\/div>\n\t\t\t\t<\/div>\n\t\t<div class=\"elementor-element elementor-element-182ccae e-flex e-con-boxed e-con e-parent\" data-id=\"182ccae\" data-element_type=\"container\" data-e-type=\"container\">\n\t\t\t\t\t<div class=\"e-con-inner\">\n\t\t\t\t<div class=\"elementor-element elementor-element-4cc5970 elementor-widget elementor-widget-menu-anchor\" data-id=\"4cc5970\" data-element_type=\"widget\" data-e-type=\"widget\" data-widget_type=\"menu-anchor.default\">\n\t\t\t\t<div class=\"elementor-widget-container\">\n\t\t\t\t\t\t\t<div class=\"elementor-menu-anchor\" id=\"sobre\"><\/div>\n\t\t\t\t\t\t<\/div>\n\t\t\t\t<\/div>\n\t\t\t\t\t<\/div>\n\t\t\t\t<\/div>\n\t\t<div class=\"elementor-element elementor-element-254be9a e-grid e-con-boxed e-con e-parent\" data-id=\"254be9a\" data-element_type=\"container\" data-e-type=\"container\" data-settings=\"{&quot;background_background&quot;:&quot;classic&quot;}\">\n\t\t\t\t\t<div class=\"e-con-inner\">\n\t\t<div class=\"elementor-element elementor-element-42ea2e3 e-flex e-con-boxed e-con e-child\" data-id=\"42ea2e3\" data-element_type=\"container\" data-e-type=\"container\">\n\t\t\t\t\t<div class=\"e-con-inner\">\n\t\t\t\t<div class=\"elementor-element elementor-element-be06d90 elementor-widget elementor-widget-image\" data-id=\"be06d90\" data-element_type=\"widget\" data-e-type=\"widget\" data-widget_type=\"image.default\">\n\t\t\t\t<div class=\"elementor-widget-container\">\n\t\t\t\t\t\t\t\t\t\t\t\t\t\t\t<img fetchpriority=\"high\" decoding=\"async\" width=\"656\" height=\"600\" src=\"https:\/\/trine.com.br\/gaiga\/wp-content\/uploads\/advocaciahomesobre.png\" class=\"attachment-full size-full wp-image-1976\" alt=\"\" srcset=\"https:\/\/trine.com.br\/gaiga\/wp-content\/uploads\/advocaciahomesobre.png 656w, https:\/\/trine.com.br\/gaiga\/wp-content\/uploads\/advocaciahomesobre-300x274.png 300w, https:\/\/trine.com.br\/gaiga\/wp-content\/uploads\/advocaciahomesobre-160x146.png 160w\" sizes=\"(max-width: 656px) 100vw, 656px\" \/>\t\t\t\t\t\t\t\t\t\t\t\t\t\t\t<\/div>\n\t\t\t\t<\/div>\n\t\t\t\t\t<\/div>\n\t\t\t\t<\/div>\n\t\t<div class=\"elementor-element elementor-element-80db0f2 e-flex e-con-boxed e-con e-child\" data-id=\"80db0f2\" data-element_type=\"container\" data-e-type=\"container\">\n\t\t\t\t\t<div class=\"e-con-inner\">\n\t\t\t\t<div class=\"elementor-element elementor-element-291a0a5 elementor-widget elementor-widget-heading\" data-id=\"291a0a5\" data-element_type=\"widget\" data-e-type=\"widget\" data-widget_type=\"heading.default\">\n\t\t\t\t<div class=\"elementor-widget-container\">\n\t\t\t\t\t<h2 class=\"elementor-heading-title elementor-size-default\">SOBRE N\u00d3S<\/h2>\t\t\t\t<\/div>\n\t\t\t\t<\/div>\n\t\t\t\t<div class=\"elementor-element elementor-element-f75eb48 elementor-widget elementor-widget-heading\" data-id=\"f75eb48\" data-element_type=\"widget\" data-e-type=\"widget\" data-widget_type=\"heading.default\">\n\t\t\t\t<div class=\"elementor-widget-container\">\n\t\t\t\t\t<h2 class=\"elementor-heading-title elementor-size-default\">Na Gaiga Advocacia, personalizamos nossos servi\u00e7os para atender \u00e0s necessidades espec\u00edficas de cada cliente, assegurando excel\u00eancia desde a consulta inicial at\u00e9 o suporte p\u00f3s\u2010servi\u00e7o.\n<br>\n<br>Nosso objetivo \u00e9 sua total satisfa\u00e7\u00e3o e sucesso cont\u00ednuo.<\/h2>\t\t\t\t<\/div>\n\t\t\t\t<\/div>\n\t\t\t\t<div class=\"elementor-element elementor-element-be096c2 elementor-widget-divider--view-line elementor-widget elementor-widget-divider\" data-id=\"be096c2\" data-element_type=\"widget\" data-e-type=\"widget\" data-widget_type=\"divider.default\">\n\t\t\t\t<div class=\"elementor-widget-container\">\n\t\t\t\t\t\t\t<div class=\"elementor-divider\">\n\t\t\t<span class=\"elementor-divider-separator\">\n\t\t\t\t\t\t<\/span>\n\t\t<\/div>\n\t\t\t\t\t\t<\/div>\n\t\t\t\t<\/div>\n\t\t\t\t<div class=\"elementor-element elementor-element-2d87817 elementor-widget elementor-widget-heading\" data-id=\"2d87817\" data-element_type=\"widget\" data-e-type=\"widget\" data-widget_type=\"heading.default\">\n\t\t\t\t<div class=\"elementor-widget-container\">\n\t\t\t\t\t<h4 class=\"elementor-heading-title elementor-size-default\">A experi\u00eancia do cliente \u00e9 um elemento chave em nossa atua\u00e7\u00e3o, pautando nossas a\u00e7\u00f5es e a nossa comunica\u00e7\u00e3o.<\/h4>\t\t\t\t<\/div>\n\t\t\t\t<\/div>\n\t\t\t\t<div class=\"elementor-element elementor-element-a277421 elementor-align-right elementor-widget elementor-widget-button\" data-id=\"a277421\" data-element_type=\"widget\" data-e-type=\"widget\" data-widget_type=\"button.default\">\n\t\t\t\t<div class=\"elementor-widget-container\">\n\t\t\t\t\t\t\t\t\t<div class=\"elementor-button-wrapper\">\n\t\t\t\t\t<a class=\"elementor-button elementor-button-link elementor-size-sm\" href=\"https:\/\/trine.com.br\/gaiga\/sobre-nos\/\">\n\t\t\t\t\t\t<span class=\"elementor-button-content-wrapper\">\n\t\t\t\t\t\t\t\t\t<span class=\"elementor-button-text\">Saiba mais<\/span>\n\t\t\t\t\t<\/span>\n\t\t\t\t\t<\/a>\n\t\t\t\t<\/div>\n\t\t\t\t\t\t\t\t<\/div>\n\t\t\t\t<\/div>\n\t\t\t\t\t<\/div>\n\t\t\t\t<\/div>\n\t\t\t\t\t<\/div>\n\t\t\t\t<\/div>\n\t\t<div class=\"elementor-element elementor-element-d54a38d e-flex e-con-boxed e-con e-parent\" data-id=\"d54a38d\" data-element_type=\"container\" data-e-type=\"container\">\n\t\t\t\t\t<div class=\"e-con-inner\">\n\t\t\t\t<div class=\"elementor-element elementor-element-643f007 elementor-widget elementor-widget-heading\" data-id=\"643f007\" data-element_type=\"widget\" data-e-type=\"widget\" data-widget_type=\"heading.default\">\n\t\t\t\t<div class=\"elementor-widget-container\">\n\t\t\t\t\t<h2 class=\"elementor-heading-title elementor-size-default\">NOT\u00cdCIAS<\/h2>\t\t\t\t<\/div>\n\t\t\t\t<\/div>\n\t\t\t\t<div class=\"elementor-element elementor-element-9390c08 elementor-grid-3 elementor-grid-tablet-2 elementor-grid-mobile-1 elementor-posts--thumbnail-top elementor-posts__hover-gradient elementor-widget elementor-widget-posts\" data-id=\"9390c08\" data-element_type=\"widget\" data-e-type=\"widget\" data-settings=\"{&quot;cards_row_gap&quot;:{&quot;unit&quot;:&quot;px&quot;,&quot;size&quot;:20,&quot;sizes&quot;:[]},&quot;cards_columns&quot;:&quot;3&quot;,&quot;cards_columns_tablet&quot;:&quot;2&quot;,&quot;cards_columns_mobile&quot;:&quot;1&quot;,&quot;cards_row_gap_tablet&quot;:{&quot;unit&quot;:&quot;px&quot;,&quot;size&quot;:&quot;&quot;,&quot;sizes&quot;:[]},&quot;cards_row_gap_mobile&quot;:{&quot;unit&quot;:&quot;px&quot;,&quot;size&quot;:&quot;&quot;,&quot;sizes&quot;:[]}}\" data-widget_type=\"posts.cards\">\n\t\t\t\t<div class=\"elementor-widget-container\">\n\t\t\t\t\t\t\t<div class=\"elementor-posts-container elementor-posts elementor-posts--skin-cards elementor-grid\">\n\t\t\t\t<article class=\"elementor-post elementor-grid-item post-1296 post type-post status-publish format-standard has-post-thumbnail hentry category-uncategorized\">\n\t\t\t<div class=\"elementor-post__card\">\n\t\t\t\t<a class=\"elementor-post__thumbnail__link\" href=\"https:\/\/trine.com.br\/gaiga\/sefaz-rs-dispensa-garantias-para-parcelamento-em-60-meses\/\" tabindex=\"-1\" ><div class=\"elementor-post__thumbnail\"><img decoding=\"async\" width=\"300\" height=\"170\" src=\"https:\/\/trine.com.br\/gaiga\/wp-content\/uploads\/sefaz-rs-dispensa-garantias-para-parcelamento-em-60-meses-foto-300x170.png\" class=\"attachment-medium size-medium wp-image-1299\" alt=\"\" srcset=\"https:\/\/trine.com.br\/gaiga\/wp-content\/uploads\/sefaz-rs-dispensa-garantias-para-parcelamento-em-60-meses-foto-300x170.png 300w, https:\/\/trine.com.br\/gaiga\/wp-content\/uploads\/sefaz-rs-dispensa-garantias-para-parcelamento-em-60-meses-foto-768x435.png 768w, https:\/\/trine.com.br\/gaiga\/wp-content\/uploads\/sefaz-rs-dispensa-garantias-para-parcelamento-em-60-meses-foto.png 800w\" sizes=\"(max-width: 300px) 100vw, 300px\" \/><\/div><\/a>\n\t\t\t\t<div class=\"elementor-post__text\">\n\t\t\t\t<h3 class=\"elementor-post__title\">\n\t\t\t<a href=\"https:\/\/trine.com.br\/gaiga\/sefaz-rs-dispensa-garantias-para-parcelamento-em-60-meses\/\" >\n\t\t\t\tSEFAZ\/RS dispensa garantias para parcelamento em 60 meses\t\t\t<\/a>\n\t\t<\/h3>\n\t\t\t\t<div class=\"elementor-post__excerpt\">\n\t\t\t<p>A Receita Estadual, atrav\u00e9s da Instru\u00e7\u00e3o Normativa RE n\u00ba 061\/24, dispensou os contribuintes de apresenta\u00e7\u00e3o das garantias e da entrada m\u00ednima em casos de pedido de parcelamento efetuado pela internet em at\u00e9 60 (sessenta) meses.<\/p>\n\t\t<\/div>\n\t\t\n\t\t<a class=\"elementor-post__read-more\" href=\"https:\/\/trine.com.br\/gaiga\/sefaz-rs-dispensa-garantias-para-parcelamento-em-60-meses\/\" aria-label=\"Read more about SEFAZ\/RS dispensa garantias para parcelamento em 60 meses\" tabindex=\"-1\" >\n\t\t\tLeia mais\t\t<\/a>\n\n\t\t\t\t<\/div>\n\t\t\t\t<div class=\"elementor-post__meta-data\">\n\t\t\t\t\t<span class=\"elementor-post-date\">\n\t\t\t05\/07\/2024\t\t<\/span>\n\t\t\t\t<\/div>\n\t\t\t\t\t<\/div>\n\t\t<\/article>\n\t\t\t\t<article class=\"elementor-post elementor-grid-item post-1293 post type-post status-publish format-standard has-post-thumbnail hentry category-uncategorized\">\n\t\t\t<div class=\"elementor-post__card\">\n\t\t\t\t<a class=\"elementor-post__thumbnail__link\" href=\"https:\/\/trine.com.br\/gaiga\/agu-e-pgfn-anunciam-programa-emergencial-de-regularizacao-fiscal-para-o-rio-grande-do-sul\/\" tabindex=\"-1\" ><div class=\"elementor-post__thumbnail\"><img decoding=\"async\" width=\"300\" height=\"200\" src=\"https:\/\/trine.com.br\/gaiga\/wp-content\/uploads\/pgfn-publica-novo-edital-de-transacao-foto-1-300x200.png\" class=\"attachment-medium size-medium wp-image-1191\" alt=\"\" srcset=\"https:\/\/trine.com.br\/gaiga\/wp-content\/uploads\/pgfn-publica-novo-edital-de-transacao-foto-1-300x200.png 300w, https:\/\/trine.com.br\/gaiga\/wp-content\/uploads\/pgfn-publica-novo-edital-de-transacao-foto-1-768x513.png 768w, https:\/\/trine.com.br\/gaiga\/wp-content\/uploads\/pgfn-publica-novo-edital-de-transacao-foto-1.png 1000w\" sizes=\"(max-width: 300px) 100vw, 300px\" \/><\/div><\/a>\n\t\t\t\t<div class=\"elementor-post__text\">\n\t\t\t\t<h3 class=\"elementor-post__title\">\n\t\t\t<a href=\"https:\/\/trine.com.br\/gaiga\/agu-e-pgfn-anunciam-programa-emergencial-de-regularizacao-fiscal-para-o-rio-grande-do-sul\/\" >\n\t\t\t\tAGU e PGFN anunciam programa emergencial de regulariza\u00e7\u00e3o fiscal para o Rio Grande do Sul\t\t\t<\/a>\n\t\t<\/h3>\n\t\t\t\t<div class=\"elementor-post__excerpt\">\n\t\t\t<p>A Advocacia-Geral da Uni\u00e3o (AGU) e a Procuradoria-Geral da Fazenda Nacional (PGFN) anunciaram o lan\u00e7amento do programa emergencial de regulariza\u00e7\u00e3o fiscal Transa\u00e7\u00e3o SOS Rio Grande do Sul.<\/p>\n\t\t<\/div>\n\t\t\n\t\t<a class=\"elementor-post__read-more\" href=\"https:\/\/trine.com.br\/gaiga\/agu-e-pgfn-anunciam-programa-emergencial-de-regularizacao-fiscal-para-o-rio-grande-do-sul\/\" aria-label=\"Read more about AGU e PGFN anunciam programa emergencial de regulariza\u00e7\u00e3o fiscal para o Rio Grande do Sul\" tabindex=\"-1\" >\n\t\t\tLeia mais\t\t<\/a>\n\n\t\t\t\t<\/div>\n\t\t\t\t<div class=\"elementor-post__meta-data\">\n\t\t\t\t\t<span class=\"elementor-post-date\">\n\t\t\t05\/07\/2024\t\t<\/span>\n\t\t\t\t<\/div>\n\t\t\t\t\t<\/div>\n\t\t<\/article>\n\t\t\t\t<article class=\"elementor-post elementor-grid-item post-1290 post type-post status-publish format-standard has-post-thumbnail hentry category-uncategorized\">\n\t\t\t<div class=\"elementor-post__card\">\n\t\t\t\t<a class=\"elementor-post__thumbnail__link\" href=\"https:\/\/trine.com.br\/gaiga\/prorrogado-prazo-para-pagamento-de-creditos-tributarios-com-reducao-de-multa\/\" tabindex=\"-1\" ><div class=\"elementor-post__thumbnail\"><img loading=\"lazy\" decoding=\"async\" width=\"300\" height=\"200\" src=\"https:\/\/trine.com.br\/gaiga\/wp-content\/uploads\/carf-prorroga-prazos-processuais-para-contribuintes-gauchos-foto-300x200.png\" class=\"attachment-medium size-medium wp-image-1276\" alt=\"\" srcset=\"https:\/\/trine.com.br\/gaiga\/wp-content\/uploads\/carf-prorroga-prazos-processuais-para-contribuintes-gauchos-foto-300x200.png 300w, https:\/\/trine.com.br\/gaiga\/wp-content\/uploads\/carf-prorroga-prazos-processuais-para-contribuintes-gauchos-foto-768x512.png 768w, https:\/\/trine.com.br\/gaiga\/wp-content\/uploads\/carf-prorroga-prazos-processuais-para-contribuintes-gauchos-foto.png 1000w\" sizes=\"(max-width: 300px) 100vw, 300px\" \/><\/div><\/a>\n\t\t\t\t<div class=\"elementor-post__text\">\n\t\t\t\t<h3 class=\"elementor-post__title\">\n\t\t\t<a href=\"https:\/\/trine.com.br\/gaiga\/prorrogado-prazo-para-pagamento-de-creditos-tributarios-com-reducao-de-multa\/\" >\n\t\t\t\tProrrogado prazo para pagamento de cr\u00e9ditos tribut\u00e1rios com redu\u00e7\u00e3o de multa\t\t\t<\/a>\n\t\t<\/h3>\n\t\t\t\t<div class=\"elementor-post__excerpt\">\n\t\t\t<p>Por meio do Decreto n\u00ba 57.671, publicado no Di\u00e1rio Oficial do Estado de 14 de junho de 2024, foi prorrogado o prazo para pagamento dos cr\u00e9ditos tribut\u00e1rios da Fazenda P\u00fablica Estadual com as redu\u00e7\u00f5es de multa de que trata o art. 10 da Lei n\u00ba 6.537\/1973.<\/p>\n\t\t<\/div>\n\t\t\n\t\t<a class=\"elementor-post__read-more\" href=\"https:\/\/trine.com.br\/gaiga\/prorrogado-prazo-para-pagamento-de-creditos-tributarios-com-reducao-de-multa\/\" aria-label=\"Read more about Prorrogado prazo para pagamento de cr\u00e9ditos tribut\u00e1rios com redu\u00e7\u00e3o de multa\" tabindex=\"-1\" >\n\t\t\tLeia mais\t\t<\/a>\n\n\t\t\t\t<\/div>\n\t\t\t\t<div class=\"elementor-post__meta-data\">\n\t\t\t\t\t<span class=\"elementor-post-date\">\n\t\t\t05\/07\/2024\t\t<\/span>\n\t\t\t\t<\/div>\n\t\t\t\t\t<\/div>\n\t\t<\/article>\n\t\t\t\t<\/div>\n\t\t\n\t\t\t\t\t\t<\/div>\n\t\t\t\t<\/div>\n\t\t\t\t\t<\/div>\n\t\t\t\t<\/div>\n\t\t\t\t<\/div>\n\t\t","protected":false},"excerpt":{"rendered":"<p>ADVOCACIA COM CONFIAN\u00c7A INTEGRIDADE RESULTADO SOBRE N\u00d3S Na Gaiga Advocacia, personalizamos nossos servi\u00e7os para atender \u00e0s necessidades espec\u00edficas de cada cliente, assegurando excel\u00eancia desde a consulta inicial at\u00e9 o suporte p\u00f3s\u2010servi\u00e7o. Nosso objetivo \u00e9 sua total satisfa\u00e7\u00e3o e sucesso cont\u00ednuo. A experi\u00eancia do cliente \u00e9 um elemento chave em nossa atua\u00e7\u00e3o, pautando nossas a\u00e7\u00f5es e [&hellip;]<\/p>\n","protected":false},"author":1,"featured_media":0,"parent":0,"menu_order":0,"comment_status":"closed","ping_status":"closed","template":"","meta":{"nf_dc_page":"","_joinchat":[],"footnotes":""},"class_list":["post-2","page","type-page","status-publish","hentry"],"_links":{"self":[{"href":"https:\/\/trine.com.br\/gaiga\/wp-json\/wp\/v2\/pages\/2","targetHints":{"allow":["GET"]}}],"collection":[{"href":"https:\/\/trine.com.br\/gaiga\/wp-json\/wp\/v2\/pages"}],"about":[{"href":"https:\/\/trine.com.br\/gaiga\/wp-json\/wp\/v2\/types\/page"}],"author":[{"embeddable":true,"href":"https:\/\/trine.com.br\/gaiga\/wp-json\/wp\/v2\/users\/1"}],"replies":[{"embeddable":true,"href":"https:\/\/trine.com.br\/gaiga\/wp-json\/wp\/v2\/comments?post=2"}],"version-history":[{"count":5,"href":"https:\/\/trine.com.br\/gaiga\/wp-json\/wp\/v2\/pages\/2\/revisions"}],"predecessor-version":[{"id":1979,"href":"https:\/\/trine.com.br\/gaiga\/wp-json\/wp\/v2\/pages\/2\/revisions\/1979"}],"wp:attachment":[{"href":"https:\/\/trine.com.br\/gaiga\/wp-json\/wp\/v2\/media?parent=2"}],"curies":[{"name":"wp","href":"https:\/\/api.w.org\/{rel}","templated":true}]}}