{"id":48,"date":"2024-06-20T17:22:31","date_gmt":"2024-06-20T17:22:31","guid":{"rendered":"https:\/\/trine.com.br\/gaiga\/?page_id=48"},"modified":"2024-07-16T19:10:17","modified_gmt":"2024-07-16T19:10:17","slug":"sobre-nos","status":"publish","type":"page","link":"https:\/\/trine.com.br\/gaiga\/sobre-nos\/","title":{"rendered":"Sobre N\u00f3s"},"content":{"rendered":"\t\t<div data-elementor-type=\"wp-page\" data-elementor-id=\"48\" class=\"elementor elementor-48\" data-elementor-post-type=\"page\">\n\t\t\t\t<div class=\"elementor-element elementor-element-a8b63a1 e-flex e-con-boxed e-con e-parent\" data-id=\"a8b63a1\" data-element_type=\"container\" data-e-type=\"container\" data-settings=\"{&quot;background_background&quot;:&quot;classic&quot;}\">\n\t\t\t\t\t<div class=\"e-con-inner\">\n\t\t\t\t<div class=\"elementor-element elementor-element-9240776 elementor-widget elementor-widget-heading\" data-id=\"9240776\" data-element_type=\"widget\" data-e-type=\"widget\" data-widget_type=\"heading.default\">\n\t\t\t\t<div class=\"elementor-widget-container\">\n\t\t\t\t\t<h2 class=\"elementor-heading-title elementor-size-default\">Somos repletos de valores e \u00fanicos em nosso meio de atua\u00e7\u00e3o<\/h2>\t\t\t\t<\/div>\n\t\t\t\t<\/div>\n\t\t\t\t\t<\/div>\n\t\t\t\t<\/div>\n\t\t<div class=\"elementor-element elementor-element-a752b3b e-flex e-con-boxed e-con e-parent\" data-id=\"a752b3b\" data-element_type=\"container\" data-e-type=\"container\">\n\t\t\t\t\t<div class=\"e-con-inner\">\n\t\t<div class=\"elementor-element elementor-element-6896aab e-con-full e-flex e-con e-child\" data-id=\"6896aab\" data-element_type=\"container\" data-e-type=\"container\">\n\t\t\t\t<div class=\"elementor-element elementor-element-cb0614e elementor-widget elementor-widget-heading\" data-id=\"cb0614e\" data-element_type=\"widget\" data-e-type=\"widget\" data-widget_type=\"heading.default\">\n\t\t\t\t<div class=\"elementor-widget-container\">\n\t\t\t\t\t<h2 class=\"elementor-heading-title elementor-size-default\">Sobre N\u00f3s<\/h2>\t\t\t\t<\/div>\n\t\t\t\t<\/div>\n\t\t<div class=\"elementor-element elementor-element-af19ad5 e-con-full e-flex e-con e-child\" data-id=\"af19ad5\" data-element_type=\"container\" data-e-type=\"container\">\n\t\t\t\t<div class=\"elementor-element elementor-element-833407f elementor-widget elementor-widget-heading\" data-id=\"833407f\" data-element_type=\"widget\" data-e-type=\"widget\" data-widget_type=\"heading.default\">\n\t\t\t\t<div class=\"elementor-widget-container\">\n\t\t\t\t\t<h2 class=\"elementor-heading-title elementor-size-default\"><a href=\"https:\/\/trine.com.br\/gaiga\">HOME<\/a><\/h2>\t\t\t\t<\/div>\n\t\t\t\t<\/div>\n\t\t\t\t<div class=\"elementor-element elementor-element-c0293ae elementor-view-default elementor-widget elementor-widget-icon\" data-id=\"c0293ae\" data-element_type=\"widget\" data-e-type=\"widget\" data-widget_type=\"icon.default\">\n\t\t\t\t<div class=\"elementor-widget-container\">\n\t\t\t\t\t\t\t<div class=\"elementor-icon-wrapper\">\n\t\t\t<div class=\"elementor-icon\">\n\t\t\t<svg aria-hidden=\"true\" class=\"e-font-icon-svg e-fas-chevron-right\" viewBox=\"0 0 320 512\" xmlns=\"http:\/\/www.w3.org\/2000\/svg\"><path d=\"M285.476 272.971L91.132 467.314c-9.373 9.373-24.569 9.373-33.941 0l-22.667-22.667c-9.357-9.357-9.375-24.522-.04-33.901L188.505 256 34.484 101.255c-9.335-9.379-9.317-24.544.04-33.901l22.667-22.667c9.373-9.373 24.569-9.373 33.941 0L285.475 239.03c9.373 9.372 9.373 24.568.001 33.941z\"><\/path><\/svg>\t\t\t<\/div>\n\t\t<\/div>\n\t\t\t\t\t\t<\/div>\n\t\t\t\t<\/div>\n\t\t\t\t<div class=\"elementor-element elementor-element-4192f24 elementor-widget elementor-widget-heading\" data-id=\"4192f24\" data-element_type=\"widget\" data-e-type=\"widget\" data-widget_type=\"heading.default\">\n\t\t\t\t<div class=\"elementor-widget-container\">\n\t\t\t\t\t<h2 class=\"elementor-heading-title elementor-size-default\">SOBRE N\u00d3S<\/h2>\t\t\t\t<\/div>\n\t\t\t\t<\/div>\n\t\t\t\t<\/div>\n\t\t<div class=\"elementor-element elementor-element-94e29e8 e-con-full e-flex e-con e-child\" data-id=\"94e29e8\" data-element_type=\"container\" data-e-type=\"container\">\n\t\t\t\t<div class=\"elementor-element elementor-element-5613fc9 elementor-widget elementor-widget-text-editor\" data-id=\"5613fc9\" data-element_type=\"widget\" data-e-type=\"widget\" data-widget_type=\"text-editor.default\">\n\t\t\t\t<div class=\"elementor-widget-container\">\n\t\t\t\t\t\t\t\t\t<p>Nascemos para atender \u00e0s crescentes demandas por\u00a0compliance\u00a0tribut\u00e1rio e consultoria fiscal. Nossa miss\u00e3o \u00e9 oferecer solu\u00e7\u00f5es abrangentes e inovadoras no ambiente tribut\u00e1rio, combinando criatividade, vis\u00e3o multidisciplinar e o uso estrat\u00e9gico de tecnologia.<\/p><p>Somos direcionados para a excel\u00eancia, com profundo compromisso com a inova\u00e7\u00e3o, a efici\u00eancia e a \u00e9tica, al\u00e9m de um firme conservadorismo em nossas posi\u00e7\u00f5es. Nosso objetivo \u00e9 ir al\u00e9m do convencional, explorando novos caminhos e possibilidades para garantir que cada aspecto tribut\u00e1rio e fiscal dos neg\u00f3cios dos nossos clientes esteja em conformidade e otimizado para o sucesso, explorando o m\u00e1ximo da matriz tribut\u00e1ria.<\/p><p>Estamos sempre na vanguarda das mudan\u00e7as regulat\u00f3rias e tend\u00eancias do mercado, o que nos permite fornecer orienta\u00e7\u00f5es precisas e proativas.<\/p>\t\t\t\t\t\t\t\t<\/div>\n\t\t\t\t<\/div>\n\t\t\t\t<div class=\"elementor-element elementor-element-cb997e1 elementor-widget elementor-widget-button\" data-id=\"cb997e1\" data-element_type=\"widget\" data-e-type=\"widget\" data-widget_type=\"button.default\">\n\t\t\t\t<div class=\"elementor-widget-container\">\n\t\t\t\t\t\t\t\t\t<div class=\"elementor-button-wrapper\">\n\t\t\t\t\t<a class=\"elementor-button elementor-button-link elementor-size-sm\" href=\"https:\/\/trine.com.br\/gaiga\/nossos-valores\/\" data-e-disable-page-transition=\"true\">\n\t\t\t\t\t\t<span class=\"elementor-button-content-wrapper\">\n\t\t\t\t\t\t\t\t\t<span class=\"elementor-button-text\">Conhe\u00e7a nossos valores<\/span>\n\t\t\t\t\t<\/span>\n\t\t\t\t\t<\/a>\n\t\t\t\t<\/div>\n\t\t\t\t\t\t\t\t<\/div>\n\t\t\t\t<\/div>\n\t\t\t\t<\/div>\n\t\t\t\t<\/div>\n\t\t\t\t\t<\/div>\n\t\t\t\t<\/div>\n\t\t<div class=\"elementor-element elementor-element-fd8542e e-flex e-con-boxed e-con e-parent\" data-id=\"fd8542e\" data-element_type=\"container\" data-e-type=\"container\">\n\t\t\t\t\t<div class=\"e-con-inner\">\n\t\t\t\t<div class=\"elementor-element elementor-element-cf78163 elementor-widget elementor-widget-heading\" data-id=\"cf78163\" data-element_type=\"widget\" data-e-type=\"widget\" data-widget_type=\"heading.default\">\n\t\t\t\t<div class=\"elementor-widget-container\">\n\t\t\t\t\t<h2 class=\"elementor-heading-title elementor-size-default\">Nossa Estrutura<\/h2>\t\t\t\t<\/div>\n\t\t\t\t<\/div>\n\t\t<div class=\"elementor-element elementor-element-a570c28 e-con-full e-flex e-con e-child\" data-id=\"a570c28\" data-element_type=\"container\" data-e-type=\"container\">\n\t\t<div class=\"elementor-element elementor-element-9d4b8e4 e-con-full e-flex e-con e-child\" data-id=\"9d4b8e4\" data-element_type=\"container\" data-e-type=\"container\">\n\t\t\t\t<div class=\"elementor-element elementor-element-b35dff1 elementor-widget elementor-widget-image\" data-id=\"b35dff1\" data-element_type=\"widget\" data-e-type=\"widget\" data-widget_type=\"image.default\">\n\t\t\t\t<div class=\"elementor-widget-container\">\n\t\t\t\t\t\t\t\t\t\t\t\t\t\t\t<img fetchpriority=\"high\" decoding=\"async\" width=\"500\" height=\"500\" src=\"https:\/\/trine.com.br\/gaiga\/wp-content\/uploads\/adv.png\" class=\"attachment-large size-large wp-image-759\" alt=\"\" srcset=\"https:\/\/trine.com.br\/gaiga\/wp-content\/uploads\/adv.png 500w, https:\/\/trine.com.br\/gaiga\/wp-content\/uploads\/adv-300x300.png 300w, https:\/\/trine.com.br\/gaiga\/wp-content\/uploads\/adv-150x150.png 150w\" sizes=\"(max-width: 500px) 100vw, 500px\" \/>\t\t\t\t\t\t\t\t\t\t\t\t\t\t\t<\/div>\n\t\t\t\t<\/div>\n\t\t\t\t<\/div>\n\t\t<div class=\"elementor-element elementor-element-0c1af31 e-con-full e-flex e-con e-child\" data-id=\"0c1af31\" data-element_type=\"container\" data-e-type=\"container\">\n\t\t\t\t<div class=\"elementor-element elementor-element-13eb7e5 elementor-widget elementor-widget-image\" data-id=\"13eb7e5\" data-element_type=\"widget\" data-e-type=\"widget\" data-widget_type=\"image.default\">\n\t\t\t\t<div class=\"elementor-widget-container\">\n\t\t\t\t\t\t\t\t\t\t\t\t\t\t\t<img decoding=\"async\" width=\"500\" height=\"500\" src=\"https:\/\/trine.com.br\/gaiga\/wp-content\/uploads\/fiscal.png\" class=\"attachment-large size-large wp-image-760\" alt=\"\" srcset=\"https:\/\/trine.com.br\/gaiga\/wp-content\/uploads\/fiscal.png 500w, https:\/\/trine.com.br\/gaiga\/wp-content\/uploads\/fiscal-300x300.png 300w, https:\/\/trine.com.br\/gaiga\/wp-content\/uploads\/fiscal-150x150.png 150w\" sizes=\"(max-width: 500px) 100vw, 500px\" \/>\t\t\t\t\t\t\t\t\t\t\t\t\t\t\t<\/div>\n\t\t\t\t<\/div>\n\t\t\t\t<\/div>\n\t\t<div class=\"elementor-element elementor-element-2e3b7e8 e-con-full e-flex e-con e-child\" data-id=\"2e3b7e8\" data-element_type=\"container\" data-e-type=\"container\">\n\t\t\t\t<div class=\"elementor-element elementor-element-5f47401 elementor-widget elementor-widget-image\" data-id=\"5f47401\" data-element_type=\"widget\" data-e-type=\"widget\" data-widget_type=\"image.default\">\n\t\t\t\t<div class=\"elementor-widget-container\">\n\t\t\t\t\t\t\t\t\t\t\t\t\t\t\t<img decoding=\"async\" width=\"500\" height=\"500\" src=\"https:\/\/trine.com.br\/gaiga\/wp-content\/uploads\/precatorios.png\" class=\"attachment-large size-large wp-image-761\" alt=\"\" srcset=\"https:\/\/trine.com.br\/gaiga\/wp-content\/uploads\/precatorios.png 500w, https:\/\/trine.com.br\/gaiga\/wp-content\/uploads\/precatorios-300x300.png 300w, https:\/\/trine.com.br\/gaiga\/wp-content\/uploads\/precatorios-150x150.png 150w\" sizes=\"(max-width: 500px) 100vw, 500px\" \/>\t\t\t\t\t\t\t\t\t\t\t\t\t\t\t<\/div>\n\t\t\t\t<\/div>\n\t\t\t\t<\/div>\n\t\t\t\t<\/div>\n\t\t\t\t\t<\/div>\n\t\t\t\t<\/div>\n\t\t<div class=\"elementor-element elementor-element-7c5fff2 elementor-hidden-desktop elementor-hidden-tablet elementor-hidden-mobile e-flex e-con-boxed e-con e-parent\" data-id=\"7c5fff2\" data-element_type=\"container\" data-e-type=\"container\">\n\t\t\t\t\t<div class=\"e-con-inner\">\n\t\t\t\t<div class=\"elementor-element elementor-element-be946ff elementor-widget elementor-widget-image-carousel\" data-id=\"be946ff\" data-element_type=\"widget\" data-e-type=\"widget\" data-settings=\"{&quot;slides_to_show&quot;:&quot;5&quot;,&quot;navigation&quot;:&quot;none&quot;,&quot;autoplay_speed&quot;:2000,&quot;autoplay&quot;:&quot;yes&quot;,&quot;pause_on_hover&quot;:&quot;yes&quot;,&quot;pause_on_interaction&quot;:&quot;yes&quot;,&quot;infinite&quot;:&quot;yes&quot;,&quot;speed&quot;:500}\" data-widget_type=\"image-carousel.default\">\n\t\t\t\t<div class=\"elementor-widget-container\">\n\t\t\t\t\t\t\t<div class=\"elementor-image-carousel-wrapper swiper\" role=\"region\" aria-roledescription=\"carousel\" aria-label=\"Carrossel de imagens\" dir=\"ltr\">\n\t\t\t<div class=\"elementor-image-carousel swiper-wrapper\" aria-live=\"off\">\n\t\t\t\t\t\t\t\t<div class=\"swiper-slide\" role=\"group\" aria-roledescription=\"slide\" aria-label=\"1 de 41\"><figure class=\"swiper-slide-inner\"><img decoding=\"async\" class=\"swiper-slide-image\" src=\"https:\/\/trine.com.br\/gaiga\/wp-content\/uploads\/1-logo-cliente-ifal.png\" alt=\"1-logo-cliente-ifal\" \/><\/figure><\/div><div class=\"swiper-slide\" role=\"group\" aria-roledescription=\"slide\" aria-label=\"2 de 41\"><figure class=\"swiper-slide-inner\"><img decoding=\"async\" class=\"swiper-slide-image\" src=\"https:\/\/trine.com.br\/gaiga\/wp-content\/uploads\/2-logo-cliente-walmart.png\" alt=\"2-logo-cliente-walmart\" \/><\/figure><\/div><div class=\"swiper-slide\" role=\"group\" aria-roledescription=\"slide\" aria-label=\"3 de 41\"><figure class=\"swiper-slide-inner\"><img decoding=\"async\" class=\"swiper-slide-image\" src=\"https:\/\/trine.com.br\/gaiga\/wp-content\/uploads\/3-logo-cliente-volpato.png\" alt=\"3-logo-cliente-volpato\" \/><\/figure><\/div><div class=\"swiper-slide\" role=\"group\" aria-roledescription=\"slide\" aria-label=\"4 de 41\"><figure class=\"swiper-slide-inner\"><img decoding=\"async\" class=\"swiper-slide-image\" src=\"https:\/\/trine.com.br\/gaiga\/wp-content\/uploads\/4-logo-cliente-asun.png\" alt=\"4-logo-cliente-asun\" \/><\/figure><\/div><div class=\"swiper-slide\" role=\"group\" aria-roledescription=\"slide\" aria-label=\"5 de 41\"><figure class=\"swiper-slide-inner\"><img decoding=\"async\" class=\"swiper-slide-image\" src=\"https:\/\/trine.com.br\/gaiga\/wp-content\/uploads\/5-logo-cliente-farmacias-sao-joao.png\" alt=\"5-logo-cliente-farmacias-sao-joao\" \/><\/figure><\/div><div class=\"swiper-slide\" role=\"group\" aria-roledescription=\"slide\" aria-label=\"6 de 41\"><figure class=\"swiper-slide-inner\"><img decoding=\"async\" class=\"swiper-slide-image\" src=\"https:\/\/trine.com.br\/gaiga\/wp-content\/uploads\/6-logo-cliente-superpan.png\" alt=\"6-logo-cliente-superpan\" \/><\/figure><\/div><div class=\"swiper-slide\" role=\"group\" aria-roledescription=\"slide\" aria-label=\"7 de 41\"><figure class=\"swiper-slide-inner\"><img decoding=\"async\" class=\"swiper-slide-image\" src=\"https:\/\/trine.com.br\/gaiga\/wp-content\/uploads\/7-logo-cliente-carbonifera-catarinense.png\" alt=\"7-logo-cliente-carbonifera-catarinense\" \/><\/figure><\/div><div class=\"swiper-slide\" role=\"group\" aria-roledescription=\"slide\" aria-label=\"8 de 41\"><figure class=\"swiper-slide-inner\"><img decoding=\"async\" class=\"swiper-slide-image\" src=\"https:\/\/trine.com.br\/gaiga\/wp-content\/uploads\/8-logo-cliente-adel-coco.png\" alt=\"8-logo-cliente-adel-coco\" \/><\/figure><\/div><div class=\"swiper-slide\" role=\"group\" aria-roledescription=\"slide\" aria-label=\"9 de 41\"><figure class=\"swiper-slide-inner\"><img decoding=\"async\" class=\"swiper-slide-image\" src=\"https:\/\/trine.com.br\/gaiga\/wp-content\/uploads\/9-logo-cliente-colorminas.png\" alt=\"9-logo-cliente-colorminas\" \/><\/figure><\/div><div class=\"swiper-slide\" role=\"group\" aria-roledescription=\"slide\" aria-label=\"10 de 41\"><figure class=\"swiper-slide-inner\"><img decoding=\"async\" class=\"swiper-slide-image\" src=\"https:\/\/trine.com.br\/gaiga\/wp-content\/uploads\/10-logo-cliente-kresil.png\" alt=\"10-logo-cliente-kresil\" \/><\/figure><\/div><div class=\"swiper-slide\" role=\"group\" aria-roledescription=\"slide\" aria-label=\"11 de 41\"><figure class=\"swiper-slide-inner\"><img decoding=\"async\" class=\"swiper-slide-image\" src=\"https:\/\/trine.com.br\/gaiga\/wp-content\/uploads\/11-logo-cliente-guimaraes.png\" alt=\"11-logo-cliente-guimaraes\" \/><\/figure><\/div><div class=\"swiper-slide\" role=\"group\" aria-roledescription=\"slide\" aria-label=\"12 de 41\"><figure class=\"swiper-slide-inner\"><img decoding=\"async\" class=\"swiper-slide-image\" src=\"https:\/\/trine.com.br\/gaiga\/wp-content\/uploads\/12-logo-cliente-porto.png\" alt=\"12-logo-cliente-porto\" \/><\/figure><\/div><div class=\"swiper-slide\" role=\"group\" aria-roledescription=\"slide\" aria-label=\"13 de 41\"><figure class=\"swiper-slide-inner\"><img decoding=\"async\" class=\"swiper-slide-image\" src=\"https:\/\/trine.com.br\/gaiga\/wp-content\/uploads\/13-logo-cliente-Unisuper.png\" alt=\"13-logo-cliente-Unisuper\" \/><\/figure><\/div><div class=\"swiper-slide\" role=\"group\" aria-roledescription=\"slide\" aria-label=\"14 de 41\"><figure class=\"swiper-slide-inner\"><img decoding=\"async\" class=\"swiper-slide-image\" src=\"https:\/\/trine.com.br\/gaiga\/wp-content\/uploads\/14-logo-cliente-radam.png\" alt=\"14-logo-cliente-radam\" \/><\/figure><\/div><div class=\"swiper-slide\" role=\"group\" aria-roledescription=\"slide\" aria-label=\"15 de 41\"><figure class=\"swiper-slide-inner\"><img decoding=\"async\" class=\"swiper-slide-image\" src=\"https:\/\/trine.com.br\/gaiga\/wp-content\/uploads\/15-logo-cliente-webcontinental.png\" alt=\"15-logo-cliente-webcontinental\" \/><\/figure><\/div><div class=\"swiper-slide\" role=\"group\" aria-roledescription=\"slide\" aria-label=\"16 de 41\"><figure class=\"swiper-slide-inner\"><img decoding=\"async\" class=\"swiper-slide-image\" src=\"https:\/\/trine.com.br\/gaiga\/wp-content\/uploads\/16-logo-cliente-ortobom.png\" alt=\"16-logo-cliente-ortobom\" \/><\/figure><\/div><div class=\"swiper-slide\" role=\"group\" aria-roledescription=\"slide\" aria-label=\"17 de 41\"><figure class=\"swiper-slide-inner\"><img decoding=\"async\" class=\"swiper-slide-image\" src=\"https:\/\/trine.com.br\/gaiga\/wp-content\/uploads\/17-logo-cliente-texsa.png\" alt=\"17-logo-cliente-texsa\" \/><\/figure><\/div><div class=\"swiper-slide\" role=\"group\" aria-roledescription=\"slide\" aria-label=\"18 de 41\"><figure class=\"swiper-slide-inner\"><img decoding=\"async\" class=\"swiper-slide-image\" src=\"https:\/\/trine.com.br\/gaiga\/wp-content\/uploads\/18-logo-cliente-embacel.png\" alt=\"18-logo-cliente-embacel\" \/><\/figure><\/div><div class=\"swiper-slide\" role=\"group\" aria-roledescription=\"slide\" aria-label=\"19 de 41\"><figure class=\"swiper-slide-inner\"><img decoding=\"async\" class=\"swiper-slide-image\" src=\"https:\/\/trine.com.br\/gaiga\/wp-content\/uploads\/19-logo-cliente-tirol.png\" alt=\"19-logo-cliente-tirol\" \/><\/figure><\/div><div class=\"swiper-slide\" role=\"group\" aria-roledescription=\"slide\" aria-label=\"20 de 41\"><figure class=\"swiper-slide-inner\"><img decoding=\"async\" class=\"swiper-slide-image\" src=\"https:\/\/trine.com.br\/gaiga\/wp-content\/uploads\/20-logo-cliente-artecola.png\" alt=\"20-logo-cliente-artecola\" \/><\/figure><\/div><div class=\"swiper-slide\" role=\"group\" aria-roledescription=\"slide\" aria-label=\"21 de 41\"><figure class=\"swiper-slide-inner\"><img decoding=\"async\" class=\"swiper-slide-image\" src=\"https:\/\/trine.com.br\/gaiga\/wp-content\/uploads\/21-logo-cliente-zeze.png\" alt=\"21-logo-cliente-zeze\" \/><\/figure><\/div><div class=\"swiper-slide\" role=\"group\" aria-roledescription=\"slide\" aria-label=\"22 de 41\"><figure class=\"swiper-slide-inner\"><img decoding=\"async\" class=\"swiper-slide-image\" src=\"https:\/\/trine.com.br\/gaiga\/wp-content\/uploads\/22-logo-cliente-jomhedica.png\" alt=\"22-logo-cliente-jomhedica\" \/><\/figure><\/div><div class=\"swiper-slide\" role=\"group\" aria-roledescription=\"slide\" aria-label=\"23 de 41\"><figure class=\"swiper-slide-inner\"><img decoding=\"async\" class=\"swiper-slide-image\" src=\"https:\/\/trine.com.br\/gaiga\/wp-content\/uploads\/23-logo-cliente-saccaro.png\" alt=\"23-logo-cliente-saccaro\" \/><\/figure><\/div><div class=\"swiper-slide\" role=\"group\" aria-roledescription=\"slide\" aria-label=\"24 de 41\"><figure class=\"swiper-slide-inner\"><img decoding=\"async\" class=\"swiper-slide-image\" src=\"https:\/\/trine.com.br\/gaiga\/wp-content\/uploads\/24-logo-cliente-dalia.png\" alt=\"24-logo-cliente-dalia\" \/><\/figure><\/div><div class=\"swiper-slide\" role=\"group\" aria-roledescription=\"slide\" aria-label=\"25 de 41\"><figure class=\"swiper-slide-inner\"><img decoding=\"async\" class=\"swiper-slide-image\" src=\"https:\/\/trine.com.br\/gaiga\/wp-content\/uploads\/25-logo-cliente-cr-die-mentz.png\" alt=\"25-logo-cliente-cr-die-mentz\" \/><\/figure><\/div><div class=\"swiper-slide\" role=\"group\" aria-roledescription=\"slide\" aria-label=\"26 de 41\"><figure class=\"swiper-slide-inner\"><img decoding=\"async\" class=\"swiper-slide-image\" src=\"https:\/\/trine.com.br\/gaiga\/wp-content\/uploads\/26-logo-cliente-di-paolo.png\" alt=\"26-logo-cliente-di-paolo\" \/><\/figure><\/div><div class=\"swiper-slide\" role=\"group\" aria-roledescription=\"slide\" aria-label=\"27 de 41\"><figure class=\"swiper-slide-inner\"><img decoding=\"async\" class=\"swiper-slide-image\" src=\"https:\/\/trine.com.br\/gaiga\/wp-content\/uploads\/27-logo-cliente-cartonpack.png\" alt=\"27-logo-cliente-cartonpack\" \/><\/figure><\/div><div class=\"swiper-slide\" role=\"group\" aria-roledescription=\"slide\" aria-label=\"28 de 41\"><figure class=\"swiper-slide-inner\"><img decoding=\"async\" class=\"swiper-slide-image\" src=\"https:\/\/trine.com.br\/gaiga\/wp-content\/uploads\/28-logo-cliente-novope.png\" alt=\"28-logo-cliente-novope\" \/><\/figure><\/div><div class=\"swiper-slide\" role=\"group\" aria-roledescription=\"slide\" aria-label=\"29 de 41\"><figure class=\"swiper-slide-inner\"><img decoding=\"async\" class=\"swiper-slide-image\" src=\"https:\/\/trine.com.br\/gaiga\/wp-content\/uploads\/29-logo-cliente-uniftec.png\" alt=\"29-logo-cliente-uniftec\" \/><\/figure><\/div><div class=\"swiper-slide\" role=\"group\" aria-roledescription=\"slide\" aria-label=\"30 de 41\"><figure class=\"swiper-slide-inner\"><img decoding=\"async\" class=\"swiper-slide-image\" src=\"https:\/\/trine.com.br\/gaiga\/wp-content\/uploads\/30-logo-cliente-qualicoco.png\" alt=\"30-logo-cliente-qualicoco\" \/><\/figure><\/div><div class=\"swiper-slide\" role=\"group\" aria-roledescription=\"slide\" aria-label=\"31 de 41\"><figure class=\"swiper-slide-inner\"><img decoding=\"async\" class=\"swiper-slide-image\" src=\"https:\/\/trine.com.br\/gaiga\/wp-content\/uploads\/31-logo-cliente-sain-gobain.png\" alt=\"31-logo-cliente-sain-gobain\" \/><\/figure><\/div><div class=\"swiper-slide\" role=\"group\" aria-roledescription=\"slide\" aria-label=\"32 de 41\"><figure class=\"swiper-slide-inner\"><img decoding=\"async\" class=\"swiper-slide-image\" src=\"https:\/\/trine.com.br\/gaiga\/wp-content\/uploads\/32-logo-cliente-press.png\" alt=\"32-logo-cliente-press\" \/><\/figure><\/div><div class=\"swiper-slide\" role=\"group\" aria-roledescription=\"slide\" aria-label=\"33 de 41\"><figure class=\"swiper-slide-inner\"><img decoding=\"async\" class=\"swiper-slide-image\" src=\"https:\/\/trine.com.br\/gaiga\/wp-content\/uploads\/33-logo-cliente-vinicola-aurora.png\" alt=\"33-logo-cliente-vinicola-aurora\" \/><\/figure><\/div><div class=\"swiper-slide\" role=\"group\" aria-roledescription=\"slide\" aria-label=\"34 de 41\"><figure class=\"swiper-slide-inner\"><img decoding=\"async\" class=\"swiper-slide-image\" src=\"https:\/\/trine.com.br\/gaiga\/wp-content\/uploads\/34-logo-cliente-eucatur.png\" alt=\"34-logo-cliente-eucatur\" \/><\/figure><\/div><div class=\"swiper-slide\" role=\"group\" aria-roledescription=\"slide\" aria-label=\"35 de 41\"><figure class=\"swiper-slide-inner\"><img decoding=\"async\" class=\"swiper-slide-image\" src=\"https:\/\/trine.com.br\/gaiga\/wp-content\/uploads\/35-logo-cliente-versant.png\" alt=\"35-logo-cliente-versant\" \/><\/figure><\/div><div class=\"swiper-slide\" role=\"group\" aria-roledescription=\"slide\" aria-label=\"36 de 41\"><figure class=\"swiper-slide-inner\"><img decoding=\"async\" class=\"swiper-slide-image\" src=\"https:\/\/trine.com.br\/gaiga\/wp-content\/uploads\/36-logo-cliente-stefanello.png\" alt=\"36-logo-cliente-stefanello\" \/><\/figure><\/div><div class=\"swiper-slide\" role=\"group\" aria-roledescription=\"slide\" aria-label=\"37 de 41\"><figure class=\"swiper-slide-inner\"><img decoding=\"async\" class=\"swiper-slide-image\" src=\"https:\/\/trine.com.br\/gaiga\/wp-content\/uploads\/37-logo-cliente-garibaldi.png\" alt=\"37-logo-cliente-garibaldi\" \/><\/figure><\/div><div class=\"swiper-slide\" role=\"group\" aria-roledescription=\"slide\" aria-label=\"38 de 41\"><figure class=\"swiper-slide-inner\"><img decoding=\"async\" class=\"swiper-slide-image\" src=\"https:\/\/trine.com.br\/gaiga\/wp-content\/uploads\/38-logo-cliente-dell.png\" alt=\"38-logo-cliente-dell\" \/><\/figure><\/div><div class=\"swiper-slide\" role=\"group\" aria-roledescription=\"slide\" aria-label=\"39 de 41\"><figure class=\"swiper-slide-inner\"><img decoding=\"async\" class=\"swiper-slide-image\" src=\"https:\/\/trine.com.br\/gaiga\/wp-content\/uploads\/39-logo-cliente-multisom.png\" alt=\"39-logo-cliente-multisom\" \/><\/figure><\/div><div class=\"swiper-slide\" role=\"group\" aria-roledescription=\"slide\" aria-label=\"40 de 41\"><figure class=\"swiper-slide-inner\"><img decoding=\"async\" class=\"swiper-slide-image\" src=\"https:\/\/trine.com.br\/gaiga\/wp-content\/uploads\/40-logo-cliente-zaraplast.png\" alt=\"40-logo-cliente-zaraplast\" \/><\/figure><\/div><div class=\"swiper-slide\" role=\"group\" aria-roledescription=\"slide\" aria-label=\"41 de 41\"><figure class=\"swiper-slide-inner\"><img decoding=\"async\" class=\"swiper-slide-image\" src=\"https:\/\/trine.com.br\/gaiga\/wp-content\/uploads\/41-logo-cliente-renner.png\" alt=\"41-logo-cliente-renner\" \/><\/figure><\/div>\t\t\t<\/div>\n\t\t\t\t\t\t\t\n\t\t\t\t\t\t\t\t\t<\/div>\n\t\t\t\t\t\t<\/div>\n\t\t\t\t<\/div>\n\t\t\t\t\t<\/div>\n\t\t\t\t<\/div>\n\t\t\t\t<\/div>\n\t\t","protected":false},"excerpt":{"rendered":"<p>Somos repletos de valores e \u00fanicos em nosso meio de atua\u00e7\u00e3o Sobre N\u00f3s HOME SOBRE N\u00d3S Nascemos para atender \u00e0s crescentes demandas por\u00a0compliance\u00a0tribut\u00e1rio e consultoria fiscal. Nossa miss\u00e3o \u00e9 oferecer solu\u00e7\u00f5es abrangentes e inovadoras no ambiente tribut\u00e1rio, combinando criatividade, vis\u00e3o multidisciplinar e o uso estrat\u00e9gico de tecnologia. Somos direcionados para a excel\u00eancia, com profundo compromisso [&hellip;]<\/p>\n","protected":false},"author":1,"featured_media":0,"parent":0,"menu_order":0,"comment_status":"closed","ping_status":"closed","template":"","meta":{"nf_dc_page":"","_joinchat":[],"footnotes":""},"class_list":["post-48","page","type-page","status-publish","hentry"],"_links":{"self":[{"href":"https:\/\/trine.com.br\/gaiga\/wp-json\/wp\/v2\/pages\/48","targetHints":{"allow":["GET"]}}],"collection":[{"href":"https:\/\/trine.com.br\/gaiga\/wp-json\/wp\/v2\/pages"}],"about":[{"href":"https:\/\/trine.com.br\/gaiga\/wp-json\/wp\/v2\/types\/page"}],"author":[{"embeddable":true,"href":"https:\/\/trine.com.br\/gaiga\/wp-json\/wp\/v2\/users\/1"}],"replies":[{"embeddable":true,"href":"https:\/\/trine.com.br\/gaiga\/wp-json\/wp\/v2\/comments?post=48"}],"version-history":[{"count":5,"href":"https:\/\/trine.com.br\/gaiga\/wp-json\/wp\/v2\/pages\/48\/revisions"}],"predecessor-version":[{"id":1860,"href":"https:\/\/trine.com.br\/gaiga\/wp-json\/wp\/v2\/pages\/48\/revisions\/1860"}],"wp:attachment":[{"href":"https:\/\/trine.com.br\/gaiga\/wp-json\/wp\/v2\/media?parent=48"}],"curies":[{"name":"wp","href":"https:\/\/api.w.org\/{rel}","templated":true}]}}