{"id":494,"date":"2024-06-26T13:38:34","date_gmt":"2024-06-26T13:38:34","guid":{"rendered":"https:\/\/trine.com.br\/gaiga\/?page_id=494"},"modified":"2024-07-16T18:55:05","modified_gmt":"2024-07-16T18:55:05","slug":"planejamento-tributario","status":"publish","type":"page","link":"https:\/\/trine.com.br\/gaiga\/nossos-servicos\/planejamento-tributario\/","title":{"rendered":"Planejamento Tribut\u00e1rio"},"content":{"rendered":"\t\t<div data-elementor-type=\"wp-page\" data-elementor-id=\"494\" class=\"elementor elementor-494\" data-elementor-post-type=\"page\">\n\t\t\t\t<div class=\"elementor-element elementor-element-a8b63a1 e-flex e-con-boxed e-con e-parent\" data-id=\"a8b63a1\" data-element_type=\"container\" data-e-type=\"container\" data-settings=\"{&quot;background_background&quot;:&quot;classic&quot;}\">\n\t\t\t\t\t<div class=\"e-con-inner\">\n\t\t\t\t<div class=\"elementor-element elementor-element-9240776 elementor-widget elementor-widget-heading\" data-id=\"9240776\" data-element_type=\"widget\" data-e-type=\"widget\" data-widget_type=\"heading.default\">\n\t\t\t\t<div class=\"elementor-widget-container\">\n\t\t\t\t\t<h2 class=\"elementor-heading-title elementor-size-default\">Desenvolver solu\u00e7\u00f5es inovadoras est\u00e1 em nosso DNA <\/h2>\t\t\t\t<\/div>\n\t\t\t\t<\/div>\n\t\t\t\t\t<\/div>\n\t\t\t\t<\/div>\n\t\t<div class=\"elementor-element elementor-element-a752b3b e-flex e-con-boxed e-con e-parent\" data-id=\"a752b3b\" data-element_type=\"container\" data-e-type=\"container\">\n\t\t\t\t\t<div class=\"e-con-inner\">\n\t\t<div class=\"elementor-element elementor-element-6896aab e-con-full e-flex e-con e-child\" data-id=\"6896aab\" data-element_type=\"container\" data-e-type=\"container\">\n\t\t\t\t<div class=\"elementor-element elementor-element-cb0614e elementor-widget elementor-widget-heading\" data-id=\"cb0614e\" data-element_type=\"widget\" data-e-type=\"widget\" data-widget_type=\"heading.default\">\n\t\t\t\t<div class=\"elementor-widget-container\">\n\t\t\t\t\t<h2 class=\"elementor-heading-title elementor-size-default\">Planejamento Tribut\u00e1rio<\/h2>\t\t\t\t<\/div>\n\t\t\t\t<\/div>\n\t\t<div class=\"elementor-element elementor-element-af19ad5 e-con-full e-flex e-con e-child\" data-id=\"af19ad5\" data-element_type=\"container\" data-e-type=\"container\">\n\t\t\t\t<div class=\"elementor-element elementor-element-833407f elementor-widget elementor-widget-heading\" data-id=\"833407f\" data-element_type=\"widget\" data-e-type=\"widget\" data-widget_type=\"heading.default\">\n\t\t\t\t<div class=\"elementor-widget-container\">\n\t\t\t\t\t<h2 class=\"elementor-heading-title elementor-size-default\"><a href=\"https:\/\/trine.com.br\/gaiga\/\">HOME<\/a><\/h2>\t\t\t\t<\/div>\n\t\t\t\t<\/div>\n\t\t\t\t<div class=\"elementor-element elementor-element-cf9d927 elementor-view-default elementor-widget elementor-widget-icon\" data-id=\"cf9d927\" data-element_type=\"widget\" data-e-type=\"widget\" data-widget_type=\"icon.default\">\n\t\t\t\t<div class=\"elementor-widget-container\">\n\t\t\t\t\t\t\t<div class=\"elementor-icon-wrapper\">\n\t\t\t<div class=\"elementor-icon\">\n\t\t\t<svg aria-hidden=\"true\" class=\"e-font-icon-svg e-fas-chevron-right\" viewBox=\"0 0 320 512\" xmlns=\"http:\/\/www.w3.org\/2000\/svg\"><path d=\"M285.476 272.971L91.132 467.314c-9.373 9.373-24.569 9.373-33.941 0l-22.667-22.667c-9.357-9.357-9.375-24.522-.04-33.901L188.505 256 34.484 101.255c-9.335-9.379-9.317-24.544.04-33.901l22.667-22.667c9.373-9.373 24.569-9.373 33.941 0L285.475 239.03c9.373 9.372 9.373 24.568.001 33.941z\"><\/path><\/svg>\t\t\t<\/div>\n\t\t<\/div>\n\t\t\t\t\t\t<\/div>\n\t\t\t\t<\/div>\n\t\t\t\t<div class=\"elementor-element elementor-element-2bf0a7f elementor-widget elementor-widget-heading\" data-id=\"2bf0a7f\" data-element_type=\"widget\" data-e-type=\"widget\" data-widget_type=\"heading.default\">\n\t\t\t\t<div class=\"elementor-widget-container\">\n\t\t\t\t\t<h2 class=\"elementor-heading-title elementor-size-default\"><a href=\"https:\/\/trine.com.br\/gaiga\/nossos-servicos\/\">NOSSOS SERVI\u00c7OS<\/a><\/h2>\t\t\t\t<\/div>\n\t\t\t\t<\/div>\n\t\t\t\t<div class=\"elementor-element elementor-element-c0293ae elementor-view-default elementor-widget elementor-widget-icon\" data-id=\"c0293ae\" data-element_type=\"widget\" data-e-type=\"widget\" data-widget_type=\"icon.default\">\n\t\t\t\t<div class=\"elementor-widget-container\">\n\t\t\t\t\t\t\t<div class=\"elementor-icon-wrapper\">\n\t\t\t<div class=\"elementor-icon\">\n\t\t\t<svg aria-hidden=\"true\" class=\"e-font-icon-svg e-fas-chevron-right\" viewBox=\"0 0 320 512\" xmlns=\"http:\/\/www.w3.org\/2000\/svg\"><path d=\"M285.476 272.971L91.132 467.314c-9.373 9.373-24.569 9.373-33.941 0l-22.667-22.667c-9.357-9.357-9.375-24.522-.04-33.901L188.505 256 34.484 101.255c-9.335-9.379-9.317-24.544.04-33.901l22.667-22.667c9.373-9.373 24.569-9.373 33.941 0L285.475 239.03c9.373 9.372 9.373 24.568.001 33.941z\"><\/path><\/svg>\t\t\t<\/div>\n\t\t<\/div>\n\t\t\t\t\t\t<\/div>\n\t\t\t\t<\/div>\n\t\t\t\t<div class=\"elementor-element elementor-element-4192f24 elementor-widget elementor-widget-heading\" data-id=\"4192f24\" data-element_type=\"widget\" data-e-type=\"widget\" data-widget_type=\"heading.default\">\n\t\t\t\t<div class=\"elementor-widget-container\">\n\t\t\t\t\t<h2 class=\"elementor-heading-title elementor-size-default\">PLANEJAMENTO TRIBUT\u00c1RIO<\/h2>\t\t\t\t<\/div>\n\t\t\t\t<\/div>\n\t\t\t\t<\/div>\n\t\t\t\t<\/div>\n\t\t\t\t\t<\/div>\n\t\t\t\t<\/div>\n\t\t<div class=\"elementor-element elementor-element-b5a8add e-flex e-con-boxed e-con e-parent\" data-id=\"b5a8add\" data-element_type=\"container\" data-e-type=\"container\">\n\t\t\t\t\t<div class=\"e-con-inner\">\n\t\t<div class=\"elementor-element elementor-element-9da2f98 e-con-full e-flex e-con e-child\" data-id=\"9da2f98\" data-element_type=\"container\" data-e-type=\"container\">\n\t\t\t\t<div class=\"elementor-element elementor-element-319bfda elementor-widget elementor-widget-image\" data-id=\"319bfda\" data-element_type=\"widget\" data-e-type=\"widget\" data-widget_type=\"image.default\">\n\t\t\t\t<div class=\"elementor-widget-container\">\n\t\t\t\t\t\t\t\t\t\t\t\t\t\t\t<img fetchpriority=\"high\" decoding=\"async\" width=\"520\" height=\"520\" src=\"https:\/\/trine.com.br\/gaiga\/wp-content\/uploads\/planejamento-tributario-foto-1.png\" class=\"attachment-large size-large wp-image-1413\" alt=\"\" srcset=\"https:\/\/trine.com.br\/gaiga\/wp-content\/uploads\/planejamento-tributario-foto-1.png 520w, https:\/\/trine.com.br\/gaiga\/wp-content\/uploads\/planejamento-tributario-foto-1-300x300.png 300w, https:\/\/trine.com.br\/gaiga\/wp-content\/uploads\/planejamento-tributario-foto-1-150x150.png 150w, https:\/\/trine.com.br\/gaiga\/wp-content\/uploads\/planejamento-tributario-foto-1-146x146.png 146w\" sizes=\"(max-width: 520px) 100vw, 520px\" \/>\t\t\t\t\t\t\t\t\t\t\t\t\t\t\t<\/div>\n\t\t\t\t<\/div>\n\t\t\t\t<\/div>\n\t\t<div class=\"elementor-element elementor-element-4e3312c e-con-full e-flex e-con e-child\" data-id=\"4e3312c\" data-element_type=\"container\" data-e-type=\"container\">\n\t\t\t\t<div class=\"elementor-element elementor-element-75014df elementor-widget elementor-widget-heading\" data-id=\"75014df\" data-element_type=\"widget\" data-e-type=\"widget\" data-widget_type=\"heading.default\">\n\t\t\t\t<div class=\"elementor-widget-container\">\n\t\t\t\t\t<h2 class=\"elementor-heading-title elementor-size-default\">Planejamento Tribut\u00e1rio<\/h2>\t\t\t\t<\/div>\n\t\t\t\t<\/div>\n\t\t\t\t<div class=\"elementor-element elementor-element-3177fe8 elementor-widget elementor-widget-text-editor\" data-id=\"3177fe8\" data-element_type=\"widget\" data-e-type=\"widget\" data-widget_type=\"text-editor.default\">\n\t\t\t\t<div class=\"elementor-widget-container\">\n\t\t\t\t\t\t\t\t\t<p>Nos dedicamos a entender profundamente as opera\u00e7\u00f5es, estrat\u00e9gias e objetivos de nossos clientes para oferecer solu\u00e7\u00f5es fiscais que n\u00e3o apenas atendem, mas antecipam as necessidades empresariais em constante mudan\u00e7a. Nosso objetivo \u00e9 desenvolver estrat\u00e9gias de planejamento tribut\u00e1rio que maximizem a efici\u00eancia fiscal e minimizem riscos e obriga\u00e7\u00f5es tribut\u00e1rias, alinhando-se perfeitamente \u00e0s metas de neg\u00f3cios de longo prazo dos clientes.\u00a0<\/p><p>Nossa abordagem em planejamento tribut\u00e1rio inclui:<\/p>\t\t\t\t\t\t\t\t<\/div>\n\t\t\t\t<\/div>\n\t\t\t\t<div class=\"elementor-element elementor-element-c12877b elementor-icon-list--layout-traditional elementor-list-item-link-full_width elementor-widget elementor-widget-icon-list\" data-id=\"c12877b\" data-element_type=\"widget\" data-e-type=\"widget\" data-widget_type=\"icon-list.default\">\n\t\t\t\t<div class=\"elementor-widget-container\">\n\t\t\t\t\t\t\t<ul class=\"elementor-icon-list-items\">\n\t\t\t\t\t\t\t<li class=\"elementor-icon-list-item\">\n\t\t\t\t\t\t\t\t\t\t\t<span class=\"elementor-icon-list-icon\">\n\t\t\t\t\t\t\t<svg aria-hidden=\"true\" class=\"e-font-icon-svg e-fas-dot-circle\" viewBox=\"0 0 512 512\" xmlns=\"http:\/\/www.w3.org\/2000\/svg\"><path d=\"M256 8C119.033 8 8 119.033 8 256s111.033 248 248 248 248-111.033 248-248S392.967 8 256 8zm80 248c0 44.112-35.888 80-80 80s-80-35.888-80-80 35.888-80 80-80 80 35.888 80 80z\"><\/path><\/svg>\t\t\t\t\t\t<\/span>\n\t\t\t\t\t\t\t\t\t\t<span class=\"elementor-icon-list-text\">An\u00e1lise Detalhada: Avaliamos a estrutura atual e as opera\u00e7\u00f5es do cliente para identificar oportunidades de otimiza\u00e7\u00e3o tribut\u00e1ria.<\/span>\n\t\t\t\t\t\t\t\t\t<\/li>\n\t\t\t\t\t\t\t\t<li class=\"elementor-icon-list-item\">\n\t\t\t\t\t\t\t\t\t\t\t<span class=\"elementor-icon-list-icon\">\n\t\t\t\t\t\t\t<svg aria-hidden=\"true\" class=\"e-font-icon-svg e-fas-dot-circle\" viewBox=\"0 0 512 512\" xmlns=\"http:\/\/www.w3.org\/2000\/svg\"><path d=\"M256 8C119.033 8 8 119.033 8 256s111.033 248 248 248 248-111.033 248-248S392.967 8 256 8zm80 248c0 44.112-35.888 80-80 80s-80-35.888-80-80 35.888-80 80-80 80 35.888 80 80z\"><\/path><\/svg>\t\t\t\t\t\t<\/span>\n\t\t\t\t\t\t\t\t\t\t<span class=\"elementor-icon-list-text\">Estrat\u00e9gias Customizadas: Desenvolvemos solu\u00e7\u00f5es personalizadas que se ajustam especificamente ao modelo de neg\u00f3cio e aos objetivos do cliente. Isso pode incluir reestrutura\u00e7\u00e3o corporativa, ajustes fiscais, utiliza\u00e7\u00e3o de incentivos fiscais e regimes especiais.<\/span>\n\t\t\t\t\t\t\t\t\t<\/li>\n\t\t\t\t\t\t\t\t<li class=\"elementor-icon-list-item\">\n\t\t\t\t\t\t\t\t\t\t\t<span class=\"elementor-icon-list-icon\">\n\t\t\t\t\t\t\t<svg aria-hidden=\"true\" class=\"e-font-icon-svg e-fas-dot-circle\" viewBox=\"0 0 512 512\" xmlns=\"http:\/\/www.w3.org\/2000\/svg\"><path d=\"M256 8C119.033 8 8 119.033 8 256s111.033 248 248 248 248-111.033 248-248S392.967 8 256 8zm80 248c0 44.112-35.888 80-80 80s-80-35.888-80-80 35.888-80 80-80 80 35.888 80 80z\"><\/path><\/svg>\t\t\t\t\t\t<\/span>\n\t\t\t\t\t\t\t\t\t\t<span class=\"elementor-icon-list-text\">Proje\u00e7\u00f5es e Simula\u00e7\u00f5es: Utilizamos ferramentas avan\u00e7adas para simular diferentes cen\u00e1rios e suas consequ\u00eancias tribut\u00e1rias, garantindo decis\u00f5es bem informadas.<\/span>\n\t\t\t\t\t\t\t\t\t<\/li>\n\t\t\t\t\t\t\t\t<li class=\"elementor-icon-list-item\">\n\t\t\t\t\t\t\t\t\t\t\t<span class=\"elementor-icon-list-icon\">\n\t\t\t\t\t\t\t<svg aria-hidden=\"true\" class=\"e-font-icon-svg e-fas-dot-circle\" viewBox=\"0 0 512 512\" xmlns=\"http:\/\/www.w3.org\/2000\/svg\"><path d=\"M256 8C119.033 8 8 119.033 8 256s111.033 248 248 248 248-111.033 248-248S392.967 8 256 8zm80 248c0 44.112-35.888 80-80 80s-80-35.888-80-80 35.888-80 80-80 80 35.888 80 80z\"><\/path><\/svg>\t\t\t\t\t\t<\/span>\n\t\t\t\t\t\t\t\t\t\t<span class=\"elementor-icon-list-text\">Compliance\u00a0e Conformidade Fiscal: Asseguramos que todas as estrat\u00e9gias de planejamento estejam em conformidade com a legisla\u00e7\u00e3o tribut\u00e1ria vigente, evitando riscos de conting\u00eancias fiscais.<\/span>\n\t\t\t\t\t\t\t\t\t<\/li>\n\t\t\t\t\t\t\t\t<li class=\"elementor-icon-list-item\">\n\t\t\t\t\t\t\t\t\t\t\t<span class=\"elementor-icon-list-icon\">\n\t\t\t\t\t\t\t<svg aria-hidden=\"true\" class=\"e-font-icon-svg e-fas-dot-circle\" viewBox=\"0 0 512 512\" xmlns=\"http:\/\/www.w3.org\/2000\/svg\"><path d=\"M256 8C119.033 8 8 119.033 8 256s111.033 248 248 248 248-111.033 248-248S392.967 8 256 8zm80 248c0 44.112-35.888 80-80 80s-80-35.888-80-80 35.888-80 80-80 80 35.888 80 80z\"><\/path><\/svg>\t\t\t\t\t\t<\/span>\n\t\t\t\t\t\t\t\t\t\t<span class=\"elementor-icon-list-text\">Implementa\u00e7\u00e3o e Monitoramento: Acompanhamos a implementa\u00e7\u00e3o das estrat\u00e9gias de planejamento tribut\u00e1rio e realizamos ajustes conforme necess\u00e1rio para lidar com mudan\u00e7as nas leis ou nos neg\u00f3cios do cliente.<\/span>\n\t\t\t\t\t\t\t\t\t<\/li>\n\t\t\t\t\t\t<\/ul>\n\t\t\t\t\t\t<\/div>\n\t\t\t\t<\/div>\n\t\t\t\t<div class=\"elementor-element elementor-element-6b400d6 elementor-widget elementor-widget-text-editor\" data-id=\"6b400d6\" data-element_type=\"widget\" data-e-type=\"widget\" data-widget_type=\"text-editor.default\">\n\t\t\t\t<div class=\"elementor-widget-container\">\n\t\t\t\t\t\t\t\t\t<p>Em resumo, o planejamento tribut\u00e1rio \u00e9 mais do que uma medida de redu\u00e7\u00e3o de custos; \u00e9 uma estrat\u00e9gia fundamental para o sucesso e crescimento sustent\u00e1vel dos neg\u00f3cios. Com nosso conhecimento especializado e abordagem focada no cliente, transformamos a complexidade tribut\u00e1ria em vantagem competitiva para nossos clientes.<\/p>\t\t\t\t\t\t\t\t<\/div>\n\t\t\t\t<\/div>\n\t\t<div class=\"elementor-element elementor-element-693f47b e-con-full e-flex e-con e-child\" data-id=\"693f47b\" data-element_type=\"container\" data-e-type=\"container\">\n\t\t\t\t<div class=\"elementor-element elementor-element-6bbe7a9 elementor-view-default elementor-widget elementor-widget-icon\" data-id=\"6bbe7a9\" data-element_type=\"widget\" data-e-type=\"widget\" data-widget_type=\"icon.default\">\n\t\t\t\t<div class=\"elementor-widget-container\">\n\t\t\t\t\t\t\t<div class=\"elementor-icon-wrapper\">\n\t\t\t<a class=\"elementor-icon\" href=\"https:\/\/trine.com.br\/gaiga\/nossos-servicos\/\">\n\t\t\t<svg aria-hidden=\"true\" class=\"e-font-icon-svg e-fas-chevron-left\" viewBox=\"0 0 320 512\" xmlns=\"http:\/\/www.w3.org\/2000\/svg\"><path d=\"M34.52 239.03L228.87 44.69c9.37-9.37 24.57-9.37 33.94 0l22.67 22.67c9.36 9.36 9.37 24.52.04 33.9L131.49 256l154.02 154.75c9.34 9.38 9.32 24.54-.04 33.9l-22.67 22.67c-9.37 9.37-24.57 9.37-33.94 0L34.52 272.97c-9.37-9.37-9.37-24.57 0-33.94z\"><\/path><\/svg>\t\t\t<\/a>\n\t\t<\/div>\n\t\t\t\t\t\t<\/div>\n\t\t\t\t<\/div>\n\t\t\t\t<div class=\"elementor-element elementor-element-0b28a67 elementor-widget elementor-widget-heading\" data-id=\"0b28a67\" data-element_type=\"widget\" data-e-type=\"widget\" data-widget_type=\"heading.default\">\n\t\t\t\t<div class=\"elementor-widget-container\">\n\t\t\t\t\t<h2 class=\"elementor-heading-title elementor-size-default\"><a href=\"https:\/\/trine.com.br\/gaiga\/nossos-servicos\/\">VOLTAR<\/a><\/h2>\t\t\t\t<\/div>\n\t\t\t\t<\/div>\n\t\t\t\t<\/div>\n\t\t\t\t<\/div>\n\t\t\t\t\t<\/div>\n\t\t\t\t<\/div>\n\t\t\t\t<\/div>\n\t\t","protected":false},"excerpt":{"rendered":"<p>Desenvolver solu\u00e7\u00f5es inovadoras est\u00e1 em nosso DNA Planejamento Tribut\u00e1rio HOME NOSSOS SERVI\u00c7OS PLANEJAMENTO TRIBUT\u00c1RIO Planejamento Tribut\u00e1rio Nos dedicamos a entender profundamente as opera\u00e7\u00f5es, estrat\u00e9gias e objetivos de nossos clientes para oferecer solu\u00e7\u00f5es fiscais que n\u00e3o apenas atendem, mas antecipam as necessidades empresariais em constante mudan\u00e7a. Nosso objetivo \u00e9 desenvolver estrat\u00e9gias de planejamento tribut\u00e1rio que maximizem [&hellip;]<\/p>\n","protected":false},"author":1,"featured_media":0,"parent":482,"menu_order":0,"comment_status":"closed","ping_status":"closed","template":"","meta":{"nf_dc_page":"","_joinchat":[],"footnotes":""},"class_list":["post-494","page","type-page","status-publish","hentry"],"_links":{"self":[{"href":"https:\/\/trine.com.br\/gaiga\/wp-json\/wp\/v2\/pages\/494","targetHints":{"allow":["GET"]}}],"collection":[{"href":"https:\/\/trine.com.br\/gaiga\/wp-json\/wp\/v2\/pages"}],"about":[{"href":"https:\/\/trine.com.br\/gaiga\/wp-json\/wp\/v2\/types\/page"}],"author":[{"embeddable":true,"href":"https:\/\/trine.com.br\/gaiga\/wp-json\/wp\/v2\/users\/1"}],"replies":[{"embeddable":true,"href":"https:\/\/trine.com.br\/gaiga\/wp-json\/wp\/v2\/comments?post=494"}],"version-history":[{"count":5,"href":"https:\/\/trine.com.br\/gaiga\/wp-json\/wp\/v2\/pages\/494\/revisions"}],"predecessor-version":[{"id":1848,"href":"https:\/\/trine.com.br\/gaiga\/wp-json\/wp\/v2\/pages\/494\/revisions\/1848"}],"up":[{"embeddable":true,"href":"https:\/\/trine.com.br\/gaiga\/wp-json\/wp\/v2\/pages\/482"}],"wp:attachment":[{"href":"https:\/\/trine.com.br\/gaiga\/wp-json\/wp\/v2\/media?parent=494"}],"curies":[{"name":"wp","href":"https:\/\/api.w.org\/{rel}","templated":true}]}}