{"id":508,"date":"2024-06-26T14:09:05","date_gmt":"2024-06-26T14:09:05","guid":{"rendered":"https:\/\/trine.com.br\/gaiga\/?page_id=508"},"modified":"2024-07-16T18:32:50","modified_gmt":"2024-07-16T18:32:50","slug":"gestao-de-passivos-fiscais","status":"publish","type":"page","link":"https:\/\/trine.com.br\/gaiga\/nossos-servicos\/gestao-de-passivos-fiscais\/","title":{"rendered":"Gest\u00e3o de Passivos Fiscais"},"content":{"rendered":"\t\t<div data-elementor-type=\"wp-page\" data-elementor-id=\"508\" class=\"elementor elementor-508\" data-elementor-post-type=\"page\">\n\t\t\t\t<div class=\"elementor-element elementor-element-a8b63a1 e-flex e-con-boxed e-con e-parent\" data-id=\"a8b63a1\" data-element_type=\"container\" data-e-type=\"container\" data-settings=\"{&quot;background_background&quot;:&quot;classic&quot;}\">\n\t\t\t\t\t<div class=\"e-con-inner\">\n\t\t\t\t<div class=\"elementor-element elementor-element-9240776 elementor-widget elementor-widget-heading\" data-id=\"9240776\" data-element_type=\"widget\" data-e-type=\"widget\" data-widget_type=\"heading.default\">\n\t\t\t\t<div class=\"elementor-widget-container\">\n\t\t\t\t\t<h2 class=\"elementor-heading-title elementor-size-default\">Desenvolver solu\u00e7\u00f5es inovadoras est\u00e1 em nosso DNA <\/h2>\t\t\t\t<\/div>\n\t\t\t\t<\/div>\n\t\t\t\t\t<\/div>\n\t\t\t\t<\/div>\n\t\t<div class=\"elementor-element elementor-element-a752b3b e-flex e-con-boxed e-con e-parent\" data-id=\"a752b3b\" data-element_type=\"container\" data-e-type=\"container\">\n\t\t\t\t\t<div class=\"e-con-inner\">\n\t\t<div class=\"elementor-element elementor-element-6896aab e-con-full e-flex e-con e-child\" data-id=\"6896aab\" data-element_type=\"container\" data-e-type=\"container\">\n\t\t\t\t<div class=\"elementor-element elementor-element-cb0614e elementor-widget elementor-widget-heading\" data-id=\"cb0614e\" data-element_type=\"widget\" data-e-type=\"widget\" data-widget_type=\"heading.default\">\n\t\t\t\t<div class=\"elementor-widget-container\">\n\t\t\t\t\t<h2 class=\"elementor-heading-title elementor-size-default\">Gest\u00e3o de Passivos Fiscais<\/h2>\t\t\t\t<\/div>\n\t\t\t\t<\/div>\n\t\t<div class=\"elementor-element elementor-element-af19ad5 e-con-full e-flex e-con e-child\" data-id=\"af19ad5\" data-element_type=\"container\" data-e-type=\"container\">\n\t\t\t\t<div class=\"elementor-element elementor-element-833407f elementor-widget elementor-widget-heading\" data-id=\"833407f\" data-element_type=\"widget\" data-e-type=\"widget\" data-widget_type=\"heading.default\">\n\t\t\t\t<div class=\"elementor-widget-container\">\n\t\t\t\t\t<h2 class=\"elementor-heading-title elementor-size-default\"><a href=\"https:\/\/trine.com.br\/gaiga\/\">HOME<\/a><\/h2>\t\t\t\t<\/div>\n\t\t\t\t<\/div>\n\t\t\t\t<div class=\"elementor-element elementor-element-cf9d927 elementor-view-default elementor-widget elementor-widget-icon\" data-id=\"cf9d927\" data-element_type=\"widget\" data-e-type=\"widget\" data-widget_type=\"icon.default\">\n\t\t\t\t<div class=\"elementor-widget-container\">\n\t\t\t\t\t\t\t<div class=\"elementor-icon-wrapper\">\n\t\t\t<div class=\"elementor-icon\">\n\t\t\t<svg aria-hidden=\"true\" class=\"e-font-icon-svg e-fas-chevron-right\" viewBox=\"0 0 320 512\" xmlns=\"http:\/\/www.w3.org\/2000\/svg\"><path d=\"M285.476 272.971L91.132 467.314c-9.373 9.373-24.569 9.373-33.941 0l-22.667-22.667c-9.357-9.357-9.375-24.522-.04-33.901L188.505 256 34.484 101.255c-9.335-9.379-9.317-24.544.04-33.901l22.667-22.667c9.373-9.373 24.569-9.373 33.941 0L285.475 239.03c9.373 9.372 9.373 24.568.001 33.941z\"><\/path><\/svg>\t\t\t<\/div>\n\t\t<\/div>\n\t\t\t\t\t\t<\/div>\n\t\t\t\t<\/div>\n\t\t\t\t<div class=\"elementor-element elementor-element-2bf0a7f elementor-widget elementor-widget-heading\" data-id=\"2bf0a7f\" data-element_type=\"widget\" data-e-type=\"widget\" data-widget_type=\"heading.default\">\n\t\t\t\t<div class=\"elementor-widget-container\">\n\t\t\t\t\t<h2 class=\"elementor-heading-title elementor-size-default\"><a href=\"https:\/\/trine.com.br\/gaiga\/nossos-servicos\/\">NOSSOS SERVI\u00c7OS<\/a><\/h2>\t\t\t\t<\/div>\n\t\t\t\t<\/div>\n\t\t\t\t<div class=\"elementor-element elementor-element-c0293ae elementor-view-default elementor-widget elementor-widget-icon\" data-id=\"c0293ae\" data-element_type=\"widget\" data-e-type=\"widget\" data-widget_type=\"icon.default\">\n\t\t\t\t<div class=\"elementor-widget-container\">\n\t\t\t\t\t\t\t<div class=\"elementor-icon-wrapper\">\n\t\t\t<div class=\"elementor-icon\">\n\t\t\t<svg aria-hidden=\"true\" class=\"e-font-icon-svg e-fas-chevron-right\" viewBox=\"0 0 320 512\" xmlns=\"http:\/\/www.w3.org\/2000\/svg\"><path d=\"M285.476 272.971L91.132 467.314c-9.373 9.373-24.569 9.373-33.941 0l-22.667-22.667c-9.357-9.357-9.375-24.522-.04-33.901L188.505 256 34.484 101.255c-9.335-9.379-9.317-24.544.04-33.901l22.667-22.667c9.373-9.373 24.569-9.373 33.941 0L285.475 239.03c9.373 9.372 9.373 24.568.001 33.941z\"><\/path><\/svg>\t\t\t<\/div>\n\t\t<\/div>\n\t\t\t\t\t\t<\/div>\n\t\t\t\t<\/div>\n\t\t\t\t<div class=\"elementor-element elementor-element-4192f24 elementor-widget elementor-widget-heading\" data-id=\"4192f24\" data-element_type=\"widget\" data-e-type=\"widget\" data-widget_type=\"heading.default\">\n\t\t\t\t<div class=\"elementor-widget-container\">\n\t\t\t\t\t<h2 class=\"elementor-heading-title elementor-size-default\">GEST\u00c3O DE PASSIVOS FISCAIS<\/h2>\t\t\t\t<\/div>\n\t\t\t\t<\/div>\n\t\t\t\t<\/div>\n\t\t\t\t<\/div>\n\t\t\t\t\t<\/div>\n\t\t\t\t<\/div>\n\t\t<div class=\"elementor-element elementor-element-b5a8add e-flex e-con-boxed e-con e-parent\" data-id=\"b5a8add\" data-element_type=\"container\" data-e-type=\"container\">\n\t\t\t\t\t<div class=\"e-con-inner\">\n\t\t<div class=\"elementor-element elementor-element-9da2f98 e-con-full e-flex e-con e-child\" data-id=\"9da2f98\" data-element_type=\"container\" data-e-type=\"container\">\n\t\t\t\t<div class=\"elementor-element elementor-element-319bfda elementor-widget elementor-widget-image\" data-id=\"319bfda\" data-element_type=\"widget\" data-e-type=\"widget\" data-widget_type=\"image.default\">\n\t\t\t\t<div class=\"elementor-widget-container\">\n\t\t\t\t\t\t\t\t\t\t\t\t\t\t\t<img fetchpriority=\"high\" decoding=\"async\" width=\"520\" height=\"520\" src=\"https:\/\/trine.com.br\/gaiga\/wp-content\/uploads\/gestao-de-passivos-fiscais-foto-1.png\" class=\"attachment-large size-large wp-image-1405\" alt=\"\" srcset=\"https:\/\/trine.com.br\/gaiga\/wp-content\/uploads\/gestao-de-passivos-fiscais-foto-1.png 520w, https:\/\/trine.com.br\/gaiga\/wp-content\/uploads\/gestao-de-passivos-fiscais-foto-1-300x300.png 300w, https:\/\/trine.com.br\/gaiga\/wp-content\/uploads\/gestao-de-passivos-fiscais-foto-1-150x150.png 150w, https:\/\/trine.com.br\/gaiga\/wp-content\/uploads\/gestao-de-passivos-fiscais-foto-1-146x146.png 146w\" sizes=\"(max-width: 520px) 100vw, 520px\" \/>\t\t\t\t\t\t\t\t\t\t\t\t\t\t\t<\/div>\n\t\t\t\t<\/div>\n\t\t\t\t<\/div>\n\t\t<div class=\"elementor-element elementor-element-4e3312c e-con-full e-flex e-con e-child\" data-id=\"4e3312c\" data-element_type=\"container\" data-e-type=\"container\">\n\t\t\t\t<div class=\"elementor-element elementor-element-75014df elementor-widget elementor-widget-heading\" data-id=\"75014df\" data-element_type=\"widget\" data-e-type=\"widget\" data-widget_type=\"heading.default\">\n\t\t\t\t<div class=\"elementor-widget-container\">\n\t\t\t\t\t<h2 class=\"elementor-heading-title elementor-size-default\">Gest\u00e3o de Passivos Fiscais<\/h2>\t\t\t\t<\/div>\n\t\t\t\t<\/div>\n\t\t\t\t<div class=\"elementor-element elementor-element-3177fe8 elementor-widget elementor-widget-text-editor\" data-id=\"3177fe8\" data-element_type=\"widget\" data-e-type=\"widget\" data-widget_type=\"text-editor.default\">\n\t\t\t\t<div class=\"elementor-widget-container\">\n\t\t\t\t\t\t\t\t\t<p>Nascemos deste servi\u00e7o, em 2007, como pioneiros na estrutura\u00e7\u00e3o de transa\u00e7\u00f5es tribut\u00e1rias, sendo o instituto que\u00a0nos deu notoriedade e visibilidade. Participamos de centenas de casos. Transacionamos mais de R$ 2 bilh\u00f5es em cr\u00e9ditos tribut\u00e1rios. Atuamos em\u00a0leading\u00a0cases colaborando para a constru\u00e7\u00e3o de importantes altera\u00e7\u00f5es legislativas e pr\u00e1ticas das procuradorias.<\/p><p>Considerando que os modelos de transa\u00e7\u00e3o editados pelas procuradorias s\u00e3o meios de pagamento que procuram observar particularidades e limita\u00e7\u00f5es dos contribuintes, bem como n\u00edveis de recuperabilidade do cr\u00e9dito tribut\u00e1rio, e que o peso os vetores que participam desta equa\u00e7\u00e3o dependem profundamente da capacidade t\u00e9cnica do profissional que patrocina essa intermedia\u00e7\u00e3o, surgimos como importante instrumento de tradu\u00e7\u00e3o das tens\u00f5es e din\u00e2micas ocorridas no meio empresarial para a linguagem exigida no ambiente jur\u00eddico e fiscal.<\/p><p>Nos posicionamos como facilitadores cr\u00edticos nas negocia\u00e7\u00f5es entre o poder p\u00fablico e as empresas, garantindo que as necessidades comerciais de nossos clientes sejam adequadamente representadas e atendidas. Nossa experi\u00eancia e habilidade em interpretar e influenciar pol\u00edticas tribut\u00e1rias e de cobran\u00e7a nos permitem proporcionar resultados significativos, contribuindo para a melhora da sa\u00fade financeira das organiza\u00e7\u00f5es que representamos. Ao fazer isso, n\u00e3o apenas assistimos nossos clientes a navegar por este complexo sistema, mas tamb\u00e9m contribu\u00edmos ativamente para a forma\u00e7\u00e3o de um ambiente tribut\u00e1rio mais justo e eficiente e, principalmente, para a evolu\u00e7\u00e3o do instituto da transa\u00e7\u00e3o tribut\u00e1ria, que ajudamos a fundar e erigir os primeiros pilares.<\/p>\t\t\t\t\t\t\t\t<\/div>\n\t\t\t\t<\/div>\n\t\t<div class=\"elementor-element elementor-element-693f47b e-con-full e-flex e-con e-child\" data-id=\"693f47b\" data-element_type=\"container\" data-e-type=\"container\">\n\t\t\t\t<div class=\"elementor-element elementor-element-6bbe7a9 elementor-view-default elementor-widget elementor-widget-icon\" data-id=\"6bbe7a9\" data-element_type=\"widget\" data-e-type=\"widget\" data-widget_type=\"icon.default\">\n\t\t\t\t<div class=\"elementor-widget-container\">\n\t\t\t\t\t\t\t<div class=\"elementor-icon-wrapper\">\n\t\t\t<a class=\"elementor-icon\" href=\"https:\/\/trine.com.br\/gaiga\/nossos-servicos\/\">\n\t\t\t<svg aria-hidden=\"true\" class=\"e-font-icon-svg e-fas-chevron-left\" viewBox=\"0 0 320 512\" xmlns=\"http:\/\/www.w3.org\/2000\/svg\"><path d=\"M34.52 239.03L228.87 44.69c9.37-9.37 24.57-9.37 33.94 0l22.67 22.67c9.36 9.36 9.37 24.52.04 33.9L131.49 256l154.02 154.75c9.34 9.38 9.32 24.54-.04 33.9l-22.67 22.67c-9.37 9.37-24.57 9.37-33.94 0L34.52 272.97c-9.37-9.37-9.37-24.57 0-33.94z\"><\/path><\/svg>\t\t\t<\/a>\n\t\t<\/div>\n\t\t\t\t\t\t<\/div>\n\t\t\t\t<\/div>\n\t\t\t\t<div class=\"elementor-element elementor-element-0b28a67 elementor-widget elementor-widget-heading\" data-id=\"0b28a67\" data-element_type=\"widget\" data-e-type=\"widget\" data-widget_type=\"heading.default\">\n\t\t\t\t<div class=\"elementor-widget-container\">\n\t\t\t\t\t<h2 class=\"elementor-heading-title elementor-size-default\"><a href=\"https:\/\/trine.com.br\/gaiga\/nossos-servicos\/\">VOLTAR<\/a><\/h2>\t\t\t\t<\/div>\n\t\t\t\t<\/div>\n\t\t\t\t<\/div>\n\t\t\t\t<\/div>\n\t\t\t\t\t<\/div>\n\t\t\t\t<\/div>\n\t\t\t\t<\/div>\n\t\t","protected":false},"excerpt":{"rendered":"<p>Desenvolver solu\u00e7\u00f5es inovadoras est\u00e1 em nosso DNA Gest\u00e3o de Passivos Fiscais HOME NOSSOS SERVI\u00c7OS GEST\u00c3O DE PASSIVOS FISCAIS Gest\u00e3o de Passivos Fiscais Nascemos deste servi\u00e7o, em 2007, como pioneiros na estrutura\u00e7\u00e3o de transa\u00e7\u00f5es tribut\u00e1rias, sendo o instituto que\u00a0nos deu notoriedade e visibilidade. Participamos de centenas de casos. Transacionamos mais de R$ 2 bilh\u00f5es em cr\u00e9ditos [&hellip;]<\/p>\n","protected":false},"author":1,"featured_media":0,"parent":482,"menu_order":0,"comment_status":"closed","ping_status":"closed","template":"","meta":{"nf_dc_page":"","_joinchat":[],"footnotes":""},"class_list":["post-508","page","type-page","status-publish","hentry"],"_links":{"self":[{"href":"https:\/\/trine.com.br\/gaiga\/wp-json\/wp\/v2\/pages\/508","targetHints":{"allow":["GET"]}}],"collection":[{"href":"https:\/\/trine.com.br\/gaiga\/wp-json\/wp\/v2\/pages"}],"about":[{"href":"https:\/\/trine.com.br\/gaiga\/wp-json\/wp\/v2\/types\/page"}],"author":[{"embeddable":true,"href":"https:\/\/trine.com.br\/gaiga\/wp-json\/wp\/v2\/users\/1"}],"replies":[{"embeddable":true,"href":"https:\/\/trine.com.br\/gaiga\/wp-json\/wp\/v2\/comments?post=508"}],"version-history":[{"count":5,"href":"https:\/\/trine.com.br\/gaiga\/wp-json\/wp\/v2\/pages\/508\/revisions"}],"predecessor-version":[{"id":1830,"href":"https:\/\/trine.com.br\/gaiga\/wp-json\/wp\/v2\/pages\/508\/revisions\/1830"}],"up":[{"embeddable":true,"href":"https:\/\/trine.com.br\/gaiga\/wp-json\/wp\/v2\/pages\/482"}],"wp:attachment":[{"href":"https:\/\/trine.com.br\/gaiga\/wp-json\/wp\/v2\/media?parent=508"}],"curies":[{"name":"wp","href":"https:\/\/api.w.org\/{rel}","templated":true}]}}