{"id":630,"date":"2024-06-26T16:45:37","date_gmt":"2024-06-26T16:45:37","guid":{"rendered":"https:\/\/trine.com.br\/gaiga\/?page_id=630"},"modified":"2024-07-16T18:59:11","modified_gmt":"2024-07-16T18:59:11","slug":"nossos-valores","status":"publish","type":"page","link":"https:\/\/trine.com.br\/gaiga\/nossos-valores\/","title":{"rendered":"Nossos Valores"},"content":{"rendered":"\t\t<div data-elementor-type=\"wp-page\" data-elementor-id=\"630\" class=\"elementor elementor-630\" data-elementor-post-type=\"page\">\n\t\t\t\t<div class=\"elementor-element elementor-element-a8b63a1 e-flex e-con-boxed e-con e-parent\" data-id=\"a8b63a1\" data-element_type=\"container\" data-e-type=\"container\" data-settings=\"{&quot;background_background&quot;:&quot;classic&quot;}\">\n\t\t\t\t\t<div class=\"e-con-inner\">\n\t\t\t\t<div class=\"elementor-element elementor-element-9240776 elementor-widget elementor-widget-heading\" data-id=\"9240776\" data-element_type=\"widget\" data-e-type=\"widget\" data-widget_type=\"heading.default\">\n\t\t\t\t<div class=\"elementor-widget-container\">\n\t\t\t\t\t<h2 class=\"elementor-heading-title elementor-size-default\">Somos repletos de valores e \u00fanicos em nosso meio de atua\u00e7\u00e3o<\/h2>\t\t\t\t<\/div>\n\t\t\t\t<\/div>\n\t\t\t\t\t<\/div>\n\t\t\t\t<\/div>\n\t\t<div class=\"elementor-element elementor-element-e380590 e-flex e-con-boxed e-con e-parent\" data-id=\"e380590\" data-element_type=\"container\" data-e-type=\"container\">\n\t\t\t\t\t<div class=\"e-con-inner\">\n\t\t<div class=\"elementor-element elementor-element-62d1c9c e-con-full e-flex e-con e-child\" data-id=\"62d1c9c\" data-element_type=\"container\" data-e-type=\"container\">\n\t\t\t\t<div class=\"elementor-element elementor-element-e844655 elementor-widget elementor-widget-heading\" data-id=\"e844655\" data-element_type=\"widget\" data-e-type=\"widget\" data-widget_type=\"heading.default\">\n\t\t\t\t<div class=\"elementor-widget-container\">\n\t\t\t\t\t<h2 class=\"elementor-heading-title elementor-size-default\">Nossos Valores<\/h2>\t\t\t\t<\/div>\n\t\t\t\t<\/div>\n\t\t<div class=\"elementor-element elementor-element-753c7ff e-con-full e-flex e-con e-child\" data-id=\"753c7ff\" data-element_type=\"container\" data-e-type=\"container\">\n\t\t\t\t<div class=\"elementor-element elementor-element-f1c026d elementor-widget elementor-widget-heading\" data-id=\"f1c026d\" data-element_type=\"widget\" data-e-type=\"widget\" data-widget_type=\"heading.default\">\n\t\t\t\t<div class=\"elementor-widget-container\">\n\t\t\t\t\t<h2 class=\"elementor-heading-title elementor-size-default\"><a href=\"https:\/\/trine.com.br\/gaiga\/\">HOME<\/a><\/h2>\t\t\t\t<\/div>\n\t\t\t\t<\/div>\n\t\t\t\t<div class=\"elementor-element elementor-element-b114626 elementor-view-default elementor-widget elementor-widget-icon\" data-id=\"b114626\" data-element_type=\"widget\" data-e-type=\"widget\" data-widget_type=\"icon.default\">\n\t\t\t\t<div class=\"elementor-widget-container\">\n\t\t\t\t\t\t\t<div class=\"elementor-icon-wrapper\">\n\t\t\t<div class=\"elementor-icon\">\n\t\t\t<svg aria-hidden=\"true\" class=\"e-font-icon-svg e-fas-chevron-right\" viewBox=\"0 0 320 512\" xmlns=\"http:\/\/www.w3.org\/2000\/svg\"><path d=\"M285.476 272.971L91.132 467.314c-9.373 9.373-24.569 9.373-33.941 0l-22.667-22.667c-9.357-9.357-9.375-24.522-.04-33.901L188.505 256 34.484 101.255c-9.335-9.379-9.317-24.544.04-33.901l22.667-22.667c9.373-9.373 24.569-9.373 33.941 0L285.475 239.03c9.373 9.372 9.373 24.568.001 33.941z\"><\/path><\/svg>\t\t\t<\/div>\n\t\t<\/div>\n\t\t\t\t\t\t<\/div>\n\t\t\t\t<\/div>\n\t\t\t\t<div class=\"elementor-element elementor-element-6dd05e5 elementor-widget elementor-widget-heading\" data-id=\"6dd05e5\" data-element_type=\"widget\" data-e-type=\"widget\" data-widget_type=\"heading.default\">\n\t\t\t\t<div class=\"elementor-widget-container\">\n\t\t\t\t\t<h2 class=\"elementor-heading-title elementor-size-default\"><a href=\"https:\/\/trine.com.br\/gaiga\/sobre-nos\/\">SOBRE N\u00d3S<\/a><\/h2>\t\t\t\t<\/div>\n\t\t\t\t<\/div>\n\t\t\t\t<div class=\"elementor-element elementor-element-dd38480 elementor-view-default elementor-widget elementor-widget-icon\" data-id=\"dd38480\" data-element_type=\"widget\" data-e-type=\"widget\" data-widget_type=\"icon.default\">\n\t\t\t\t<div class=\"elementor-widget-container\">\n\t\t\t\t\t\t\t<div class=\"elementor-icon-wrapper\">\n\t\t\t<div class=\"elementor-icon\">\n\t\t\t<svg aria-hidden=\"true\" class=\"e-font-icon-svg e-fas-chevron-right\" viewBox=\"0 0 320 512\" xmlns=\"http:\/\/www.w3.org\/2000\/svg\"><path d=\"M285.476 272.971L91.132 467.314c-9.373 9.373-24.569 9.373-33.941 0l-22.667-22.667c-9.357-9.357-9.375-24.522-.04-33.901L188.505 256 34.484 101.255c-9.335-9.379-9.317-24.544.04-33.901l22.667-22.667c9.373-9.373 24.569-9.373 33.941 0L285.475 239.03c9.373 9.372 9.373 24.568.001 33.941z\"><\/path><\/svg>\t\t\t<\/div>\n\t\t<\/div>\n\t\t\t\t\t\t<\/div>\n\t\t\t\t<\/div>\n\t\t\t\t<div class=\"elementor-element elementor-element-1c61e15 elementor-widget elementor-widget-heading\" data-id=\"1c61e15\" data-element_type=\"widget\" data-e-type=\"widget\" data-widget_type=\"heading.default\">\n\t\t\t\t<div class=\"elementor-widget-container\">\n\t\t\t\t\t<h2 class=\"elementor-heading-title elementor-size-default\">NOSSOS VALORES<\/h2>\t\t\t\t<\/div>\n\t\t\t\t<\/div>\n\t\t\t\t<\/div>\n\t\t\t\t<\/div>\n\t\t\t\t\t<\/div>\n\t\t\t\t<\/div>\n\t\t<div class=\"elementor-element elementor-element-a752b3b e-flex e-con-boxed e-con e-parent\" data-id=\"a752b3b\" data-element_type=\"container\" data-e-type=\"container\">\n\t\t\t\t\t<div class=\"e-con-inner\">\n\t\t<div class=\"elementor-element elementor-element-94e29e8 e-con-full e-flex e-con e-child\" data-id=\"94e29e8\" data-element_type=\"container\" data-e-type=\"container\">\n\t\t\t\t<div class=\"elementor-element elementor-element-f7c244d elementor-widget elementor-widget-heading\" data-id=\"f7c244d\" data-element_type=\"widget\" data-e-type=\"widget\" data-widget_type=\"heading.default\">\n\t\t\t\t<div class=\"elementor-widget-container\">\n\t\t\t\t\t<h2 class=\"elementor-heading-title elementor-size-default\">Resultado, Inova\u00e7\u00e3o, Excel\u00eancia, Agilidade e \u00c9tica<\/h2>\t\t\t\t<\/div>\n\t\t\t\t<\/div>\n\t\t\t\t<div class=\"elementor-element elementor-element-2c04f67 elementor-widget elementor-widget-text-editor\" data-id=\"2c04f67\" data-element_type=\"widget\" data-e-type=\"widget\" data-widget_type=\"text-editor.default\">\n\t\t\t\t<div class=\"elementor-widget-container\">\n\t\t\t\t\t\t\t\t\t<p>Estes s\u00e3o os nossos valores, e n\u00e3o s\u00e3o apenas princ\u00edpios abstratos; eles s\u00e3o o alicerce sobre o qual constru\u00edmos todas as nossas atividades e intera\u00e7\u00f5es. Esses valores t\u00eam sido meticulosamente tecidos na cultura do nosso grupo, formando a espinha dorsal de como operamos e nos relacionamos tanto interna quanto externamente.<\/p>\t\t\t\t\t\t\t\t<\/div>\n\t\t\t\t<\/div>\n\t\t<div class=\"elementor-element elementor-element-e28b117 e-con-full e-flex e-con e-child\" data-id=\"e28b117\" data-element_type=\"container\" data-e-type=\"container\" data-settings=\"{&quot;background_background&quot;:&quot;classic&quot;}\">\n\t\t\t\t<div class=\"elementor-element elementor-element-98fc78b elementor-view-default elementor-widget elementor-widget-icon\" data-id=\"98fc78b\" data-element_type=\"widget\" data-e-type=\"widget\" data-widget_type=\"icon.default\">\n\t\t\t\t<div class=\"elementor-widget-container\">\n\t\t\t\t\t\t\t<div class=\"elementor-icon-wrapper\">\n\t\t\t<div class=\"elementor-icon\">\n\t\t\t<svg xmlns=\"http:\/\/www.w3.org\/2000\/svg\" width=\"60\" height=\"60\" viewBox=\"0 0 60 60\" fill=\"none\"><path d=\"M7.5 7.5V52.5H52.5M50 45V52.5M40 40V52.5M30 32.5V52.5M20 40V52.5M7.5 27.5C22.5 27.5 20 15 30 15C40 15 37.5 27.5 52.5 27.5\" stroke=\"#3C3C3C\" stroke-width=\"3.5\" stroke-linecap=\"round\" stroke-linejoin=\"round\"><\/path><\/svg>\t\t\t<\/div>\n\t\t<\/div>\n\t\t\t\t\t\t<\/div>\n\t\t\t\t<\/div>\n\t\t\t\t<div class=\"elementor-element elementor-element-679edab elementor-widget elementor-widget-heading\" data-id=\"679edab\" data-element_type=\"widget\" data-e-type=\"widget\" data-widget_type=\"heading.default\">\n\t\t\t\t<div class=\"elementor-widget-container\">\n\t\t\t\t\t<h2 class=\"elementor-heading-title elementor-size-default\">RESULTADO<\/h2>\t\t\t\t<\/div>\n\t\t\t\t<\/div>\n\t\t\t\t<div class=\"elementor-element elementor-element-5734ab2 elementor-widget elementor-widget-text-editor\" data-id=\"5734ab2\" data-element_type=\"widget\" data-e-type=\"widget\" data-widget_type=\"text-editor.default\">\n\t\t\t\t<div class=\"elementor-widget-container\">\n\t\t\t\t\t\t\t\t\t<p>Estamos comprometidos em entregar resultados tang\u00edveis e mensur\u00e1veis. Nossa abordagem \u00e9 orientada para assegurar que cada servi\u00e7o prestado contribua de forma significativa para os objetivos financeiros e operacionais dos nossos clientes, bem como construa la\u00e7os firmes de relev\u00e2ncia e sinergia.<\/p>\t\t\t\t\t\t\t\t<\/div>\n\t\t\t\t<\/div>\n\t\t\t\t<\/div>\n\t\t<div class=\"elementor-element elementor-element-dc73c08 e-con-full e-flex e-con e-child\" data-id=\"dc73c08\" data-element_type=\"container\" data-e-type=\"container\" data-settings=\"{&quot;background_background&quot;:&quot;classic&quot;}\">\n\t\t\t\t<div class=\"elementor-element elementor-element-ad00ef6 elementor-view-default elementor-widget elementor-widget-icon\" data-id=\"ad00ef6\" data-element_type=\"widget\" data-e-type=\"widget\" data-widget_type=\"icon.default\">\n\t\t\t\t<div class=\"elementor-widget-container\">\n\t\t\t\t\t\t\t<div class=\"elementor-icon-wrapper\">\n\t\t\t<div class=\"elementor-icon\">\n\t\t\t<svg xmlns=\"http:\/\/www.w3.org\/2000\/svg\" width=\"60\" height=\"60\" viewBox=\"0 0 60 60\" fill=\"none\"><path d=\"M7.5 30H10M30 7.5V10M50 30H52.5M14 14L15.75 15.75M46 14L44.25 15.75M24.2505 42.5H35.7505M22.5 40C20.4012 38.4259 18.8508 36.2313 18.0686 33.7271C17.2863 31.2229 17.3118 28.5361 18.1415 26.0472C18.9711 23.5583 20.5628 21.3935 22.6911 19.8595C24.8194 18.3255 27.3765 17.5 30 17.5C32.6235 17.5 35.1806 18.3255 37.3089 19.8595C39.4372 21.3935 41.0289 23.5583 41.8585 26.0472C42.6882 28.5361 42.7137 31.2229 41.9314 33.7271C41.1492 36.2313 39.5988 38.4259 37.5 40C36.5239 40.9662 35.789 42.1486 35.3547 43.4516C34.9204 44.7545 34.7989 46.1414 35 47.5C35 48.8261 34.4732 50.0979 33.5355 51.0355C32.5979 51.9732 31.3261 52.5 30 52.5C28.6739 52.5 27.4021 51.9732 26.4645 51.0355C25.5268 50.0979 25 48.8261 25 47.5C25.2011 46.1414 25.0796 44.7545 24.6453 43.4516C24.211 42.1486 23.4761 40.9662 22.5 40Z\" stroke=\"#3C3C3C\" stroke-width=\"3.5\" stroke-linecap=\"round\" stroke-linejoin=\"round\"><\/path><\/svg>\t\t\t<\/div>\n\t\t<\/div>\n\t\t\t\t\t\t<\/div>\n\t\t\t\t<\/div>\n\t\t\t\t<div class=\"elementor-element elementor-element-3616b68 elementor-widget elementor-widget-heading\" data-id=\"3616b68\" data-element_type=\"widget\" data-e-type=\"widget\" data-widget_type=\"heading.default\">\n\t\t\t\t<div class=\"elementor-widget-container\">\n\t\t\t\t\t<h2 class=\"elementor-heading-title elementor-size-default\">INOVA\u00c7\u00c3O<\/h2>\t\t\t\t<\/div>\n\t\t\t\t<\/div>\n\t\t\t\t<div class=\"elementor-element elementor-element-2785f77 elementor-widget elementor-widget-text-editor\" data-id=\"2785f77\" data-element_type=\"widget\" data-e-type=\"widget\" data-widget_type=\"text-editor.default\">\n\t\t\t\t<div class=\"elementor-widget-container\">\n\t\t\t\t\t\t\t\t\t<p>A inova\u00e7\u00e3o est\u00e1 no cora\u00e7\u00e3o e no DNA da Gaiga Advocacia. Considerando o n\u00edvel de complexidade do ambiente em que atuamos, para potencializar o resultado \u00e9 preciso que todo o desenvolvimento t\u00e9cnico tenha em certa medida inova\u00e7\u00e3o, tenha como prop\u00f3sito a aplica\u00e7\u00e3o criativa e efetiva de conhecimento para que sejam alcan\u00e7ados resultados. Continuamente buscamos m\u00e9todos e solu\u00e7\u00f5es inovadoras que possam superar os desafios tribut\u00e1rios e fiscais tradicionais. Isso nos permite oferecer servi\u00e7os que n\u00e3o apenas atendem \u00e0s expectativas dos clientes, mas as superam, atrav\u00e9s de estrat\u00e9gias proativas e tecnologicamente avan\u00e7adas.<\/p>\t\t\t\t\t\t\t\t<\/div>\n\t\t\t\t<\/div>\n\t\t\t\t<\/div>\n\t\t<div class=\"elementor-element elementor-element-141aa00 e-con-full e-flex e-con e-child\" data-id=\"141aa00\" data-element_type=\"container\" data-e-type=\"container\" data-settings=\"{&quot;background_background&quot;:&quot;classic&quot;}\">\n\t\t\t\t<div class=\"elementor-element elementor-element-8d59faa elementor-view-default elementor-widget elementor-widget-icon\" data-id=\"8d59faa\" data-element_type=\"widget\" data-e-type=\"widget\" data-widget_type=\"icon.default\">\n\t\t\t\t<div class=\"elementor-widget-container\">\n\t\t\t\t\t\t\t<div class=\"elementor-icon-wrapper\">\n\t\t\t<div class=\"elementor-icon\">\n\t\t\t<svg xmlns=\"http:\/\/www.w3.org\/2000\/svg\" width=\"60\" height=\"60\" viewBox=\"0 0 60 60\" fill=\"none\"><path d=\"M22.5002 30.0002L27.5002 35.0002L37.5002 25.0002M12.5002 18.0002C12.5002 16.5415 13.0796 15.1425 14.1111 14.1111C15.1425 13.0796 16.5415 12.5002 18.0002 12.5002H20.5002C21.9524 12.4993 23.3454 11.9242 24.3752 10.9002L26.1252 9.15018C26.6363 8.63618 27.244 8.22828 27.9133 7.94994C28.5826 7.67161 29.3003 7.52832 30.0252 7.52832C30.75 7.52832 31.4678 7.67161 32.1371 7.94994C32.8064 8.22828 33.4141 8.63618 33.9252 9.15018L35.6752 10.9002C36.7052 11.9252 38.1002 12.5002 39.5502 12.5002H42.0502C43.5089 12.5002 44.9078 13.0796 45.9393 14.1111C46.9707 15.1425 47.5502 16.5415 47.5502 18.0002V20.5002C47.5502 21.9502 48.1252 23.3452 49.1502 24.3752L50.9002 26.1252C51.4142 26.6363 51.8221 27.244 52.1004 27.9133C52.3787 28.5826 52.522 29.3003 52.522 30.0252C52.522 30.75 52.3787 31.4678 52.1004 32.1371C51.8221 32.8064 51.4142 33.4141 50.9002 33.9252L49.1502 35.6752C48.1262 36.705 47.551 38.0979 47.5502 39.5502V42.0502C47.5502 43.5089 46.9707 44.9078 45.9393 45.9393C44.9078 46.9707 43.5089 47.5502 42.0502 47.5502H39.5502C38.0979 47.551 36.705 48.1262 35.6752 49.1502L33.9252 50.9002C33.4141 51.4142 32.8064 51.8221 32.1371 52.1004C31.4678 52.3787 30.75 52.522 30.0252 52.522C29.3003 52.522 28.5826 52.3787 27.9133 52.1004C27.244 51.8221 26.6363 51.4142 26.1252 50.9002L24.3752 49.1502C23.3454 48.1262 21.9524 47.551 20.5002 47.5502H18.0002C16.5415 47.5502 15.1425 46.9707 14.1111 45.9393C13.0796 44.9078 12.5002 43.5089 12.5002 42.0502V39.5502C12.4993 38.0979 11.9242 36.705 10.9002 35.6752L9.15018 33.9252C8.63618 33.4141 8.22828 32.8064 7.94994 32.1371C7.67161 31.4678 7.52832 30.75 7.52832 30.0252C7.52832 29.3003 7.67161 28.5826 7.94994 27.9133C8.22828 27.244 8.63618 26.6363 9.15018 26.1252L10.9002 24.3752C11.9242 23.3454 12.4993 21.9524 12.5002 20.5002V18.0002Z\" stroke=\"#3C3C3C\" stroke-width=\"3.5\" stroke-linecap=\"round\" stroke-linejoin=\"round\"><\/path><\/svg>\t\t\t<\/div>\n\t\t<\/div>\n\t\t\t\t\t\t<\/div>\n\t\t\t\t<\/div>\n\t\t\t\t<div class=\"elementor-element elementor-element-2790917 elementor-widget elementor-widget-heading\" data-id=\"2790917\" data-element_type=\"widget\" data-e-type=\"widget\" data-widget_type=\"heading.default\">\n\t\t\t\t<div class=\"elementor-widget-container\">\n\t\t\t\t\t<h2 class=\"elementor-heading-title elementor-size-default\">EXCEL\u00caNCIA<\/h2>\t\t\t\t<\/div>\n\t\t\t\t<\/div>\n\t\t\t\t<div class=\"elementor-element elementor-element-ea41328 elementor-widget elementor-widget-text-editor\" data-id=\"ea41328\" data-element_type=\"widget\" data-e-type=\"widget\" data-widget_type=\"text-editor.default\">\n\t\t\t\t<div class=\"elementor-widget-container\">\n\t\t\t\t\t\t\t\t\t<p>A excel\u00eancia \u00e9 um compromisso em todos os n\u00edveis da nossa organiza\u00e7\u00e3o. Ela permeia cada projeto, cada servi\u00e7o e cada intera\u00e7\u00e3o com o cliente. Nosso objetivo \u00e9 garantir que cada aspecto do nosso trabalho seja realizado com o mais alto padr\u00e3o de qualidade e precis\u00e3o, refletindo nossa dedica\u00e7\u00e3o inabal\u00e1vel em sermos os melhores em nossa \u00e1rea.<\/p>\t\t\t\t\t\t\t\t<\/div>\n\t\t\t\t<\/div>\n\t\t\t\t<\/div>\n\t\t<div class=\"elementor-element elementor-element-90894ac e-con-full e-flex e-con e-child\" data-id=\"90894ac\" data-element_type=\"container\" data-e-type=\"container\" data-settings=\"{&quot;background_background&quot;:&quot;classic&quot;}\">\n\t\t\t\t<div class=\"elementor-element elementor-element-f5238cf elementor-view-default elementor-widget elementor-widget-icon\" data-id=\"f5238cf\" data-element_type=\"widget\" data-e-type=\"widget\" data-widget_type=\"icon.default\">\n\t\t\t\t<div class=\"elementor-widget-container\">\n\t\t\t\t\t\t\t<div class=\"elementor-icon-wrapper\">\n\t\t\t<div class=\"elementor-icon\">\n\t\t\t<svg xmlns=\"http:\/\/www.w3.org\/2000\/svg\" width=\"60\" height=\"60\" viewBox=\"0 0 60 60\" fill=\"none\"><path d=\"M16.25 17.5H43.75M16.25 42.5H43.75M30 30C26.0218 30 22.2064 31.5804 19.3934 34.3934C16.5804 37.2064 15 41.0218 15 45V50C15 50.663 15.2634 51.2989 15.7322 51.7678C16.2011 52.2366 16.837 52.5 17.5 52.5H42.5C43.163 52.5 43.7989 52.2366 44.2678 51.7678C44.7366 51.2989 45 50.663 45 50V45C45 41.0218 43.4196 37.2064 40.6066 34.3934C37.7936 31.5804 33.9782 30 30 30ZM30 30C26.0218 30 22.2064 28.4196 19.3934 25.6066C16.5804 22.7936 15 18.9782 15 15V10C15 9.33696 15.2634 8.70107 15.7322 8.23223C16.2011 7.76339 16.837 7.5 17.5 7.5H42.5C43.163 7.5 43.7989 7.76339 44.2678 8.23223C44.7366 8.70107 45 9.33696 45 10V15C45 18.9782 43.4196 22.7936 40.6066 25.6066C37.7936 28.4196 33.9782 30 30 30Z\" stroke=\"#3C3C3C\" stroke-width=\"3.5\" stroke-linecap=\"round\" stroke-linejoin=\"round\"><\/path><\/svg>\t\t\t<\/div>\n\t\t<\/div>\n\t\t\t\t\t\t<\/div>\n\t\t\t\t<\/div>\n\t\t\t\t<div class=\"elementor-element elementor-element-85cd73c elementor-widget elementor-widget-heading\" data-id=\"85cd73c\" data-element_type=\"widget\" data-e-type=\"widget\" data-widget_type=\"heading.default\">\n\t\t\t\t<div class=\"elementor-widget-container\">\n\t\t\t\t\t<h2 class=\"elementor-heading-title elementor-size-default\">AGILIDADE<\/h2>\t\t\t\t<\/div>\n\t\t\t\t<\/div>\n\t\t\t\t<div class=\"elementor-element elementor-element-3a86549 elementor-widget elementor-widget-text-editor\" data-id=\"3a86549\" data-element_type=\"widget\" data-e-type=\"widget\" data-widget_type=\"text-editor.default\">\n\t\t\t\t<div class=\"elementor-widget-container\">\n\t\t\t\t\t\t\t\t\t<p>Entendemos que o ambiente de neg\u00f3cios \u00e9 din\u00e2mico e que a rapidez \u00e9 essencial. Nosso compromisso com a agilidade nos permite responder rapidamente \u00e0s mudan\u00e7as nas condi\u00e7\u00f5es de mercado e \u00e0s necessidades urgentes dos clientes, garantindo que sejam tomadas decis\u00f5es eficazes e oportunas que se alinhem com as estrat\u00e9gias comerciais e regulat\u00f3rias.<\/p>\t\t\t\t\t\t\t\t<\/div>\n\t\t\t\t<\/div>\n\t\t\t\t<\/div>\n\t\t<div class=\"elementor-element elementor-element-6374c48 e-con-full e-flex e-con e-child\" data-id=\"6374c48\" data-element_type=\"container\" data-e-type=\"container\" data-settings=\"{&quot;background_background&quot;:&quot;classic&quot;}\">\n\t\t\t\t<div class=\"elementor-element elementor-element-6de65c2 elementor-view-default elementor-widget elementor-widget-icon\" data-id=\"6de65c2\" data-element_type=\"widget\" data-e-type=\"widget\" data-widget_type=\"icon.default\">\n\t\t\t\t<div class=\"elementor-widget-container\">\n\t\t\t\t\t\t\t<div class=\"elementor-icon-wrapper\">\n\t\t\t<div class=\"elementor-icon\">\n\t\t\t<svg xmlns=\"http:\/\/www.w3.org\/2000\/svg\" width=\"60\" height=\"60\" viewBox=\"0 0 60 60\" fill=\"none\"><path d=\"M17.5 50H42.5M15 15L30 12.5L45 15M15 15L22.5 30C22.5 31.9891 21.7098 33.8968 20.3033 35.3033C18.8968 36.7098 16.9891 37.5 15 37.5C13.0109 37.5 11.1032 36.7098 9.6967 35.3033C8.29018 33.8968 7.5 31.9891 7.5 30L15 15ZM45 15L52.5 30C52.5 31.9891 51.7098 33.8968 50.3033 35.3033C48.8968 36.7098 46.9891 37.5 45 37.5C43.0109 37.5 41.1032 36.7098 39.6967 35.3033C38.2902 33.8968 37.5 31.9891 37.5 30L45 15ZM30 7.5V50\" stroke=\"#3C3C3C\" stroke-width=\"3.5\" stroke-linecap=\"round\" stroke-linejoin=\"round\"><\/path><\/svg>\t\t\t<\/div>\n\t\t<\/div>\n\t\t\t\t\t\t<\/div>\n\t\t\t\t<\/div>\n\t\t\t\t<div class=\"elementor-element elementor-element-81f00f1 elementor-widget elementor-widget-heading\" data-id=\"81f00f1\" data-element_type=\"widget\" data-e-type=\"widget\" data-widget_type=\"heading.default\">\n\t\t\t\t<div class=\"elementor-widget-container\">\n\t\t\t\t\t<h2 class=\"elementor-heading-title elementor-size-default\">\u00c9TICA<\/h2>\t\t\t\t<\/div>\n\t\t\t\t<\/div>\n\t\t\t\t<div class=\"elementor-element elementor-element-d003ce7 elementor-widget elementor-widget-text-editor\" data-id=\"d003ce7\" data-element_type=\"widget\" data-e-type=\"widget\" data-widget_type=\"text-editor.default\">\n\t\t\t\t<div class=\"elementor-widget-container\">\n\t\t\t\t\t\t\t\t\t<p>A \u00e9tica \u00e9 a pedra angular de todas as nossas opera\u00e7\u00f5es. Garantimos que cada transa\u00e7\u00e3o e decis\u00e3o respeite n\u00e3o apenas as leis aplic\u00e1veis, mas tamb\u00e9m os mais altos padr\u00f5es de integridade e transpar\u00eancia. Este compromisso com a conduta \u00e9tica guia todas as nossas pr\u00e1ticas empresariais e fortalece a confian\u00e7a que nossos clientes e parceiros depositam em n\u00f3s.<\/p>\t\t\t\t\t\t\t\t<\/div>\n\t\t\t\t<\/div>\n\t\t\t\t<\/div>\n\t\t\t\t<div class=\"elementor-element elementor-element-2e7549f elementor-widget elementor-widget-text-editor\" data-id=\"2e7549f\" data-element_type=\"widget\" data-e-type=\"widget\" data-widget_type=\"text-editor.default\">\n\t\t\t\t<div class=\"elementor-widget-container\">\n\t\t\t\t\t\t\t\t\t<p>Estes valores e nossa cultura n\u00e3o s\u00e3o apenas declara\u00e7\u00f5es protocolares; eles s\u00e3o vivenciados diariamente pelo nosso time, impulsionando a maneira como resolvemos problemas, desenvolvemos solu\u00e7\u00f5es e alcan\u00e7amos sucesso. Na Gaiga Advocacia, transformamos nossos valores em a\u00e7\u00f5es concretas, o que nos permite oferecer servi\u00e7os excepcionais e construir relacionamentos duradouros e confi\u00e1veis com todos os nossos stakeholders.<\/p>\t\t\t\t\t\t\t\t<\/div>\n\t\t\t\t<\/div>\n\t\t\t\t<\/div>\n\t\t<div class=\"elementor-element elementor-element-54f5983 e-con-full e-flex e-con e-child\" data-id=\"54f5983\" data-element_type=\"container\" data-e-type=\"container\">\n\t\t\t\t<\/div>\n\t\t\t\t\t<\/div>\n\t\t\t\t<\/div>\n\t\t\t\t<\/div>\n\t\t","protected":false},"excerpt":{"rendered":"<p>Somos repletos de valores e \u00fanicos em nosso meio de atua\u00e7\u00e3o Nossos Valores HOME SOBRE N\u00d3S NOSSOS VALORES Resultado, Inova\u00e7\u00e3o, Excel\u00eancia, Agilidade e \u00c9tica Estes s\u00e3o os nossos valores, e n\u00e3o s\u00e3o apenas princ\u00edpios abstratos; eles s\u00e3o o alicerce sobre o qual constru\u00edmos todas as nossas atividades e intera\u00e7\u00f5es. Esses valores t\u00eam sido meticulosamente tecidos [&hellip;]<\/p>\n","protected":false},"author":1,"featured_media":0,"parent":0,"menu_order":0,"comment_status":"closed","ping_status":"closed","template":"","meta":{"nf_dc_page":"","_joinchat":[],"footnotes":""},"class_list":["post-630","page","type-page","status-publish","hentry"],"_links":{"self":[{"href":"https:\/\/trine.com.br\/gaiga\/wp-json\/wp\/v2\/pages\/630","targetHints":{"allow":["GET"]}}],"collection":[{"href":"https:\/\/trine.com.br\/gaiga\/wp-json\/wp\/v2\/pages"}],"about":[{"href":"https:\/\/trine.com.br\/gaiga\/wp-json\/wp\/v2\/types\/page"}],"author":[{"embeddable":true,"href":"https:\/\/trine.com.br\/gaiga\/wp-json\/wp\/v2\/users\/1"}],"replies":[{"embeddable":true,"href":"https:\/\/trine.com.br\/gaiga\/wp-json\/wp\/v2\/comments?post=630"}],"version-history":[{"count":5,"href":"https:\/\/trine.com.br\/gaiga\/wp-json\/wp\/v2\/pages\/630\/revisions"}],"predecessor-version":[{"id":1857,"href":"https:\/\/trine.com.br\/gaiga\/wp-json\/wp\/v2\/pages\/630\/revisions\/1857"}],"wp:attachment":[{"href":"https:\/\/trine.com.br\/gaiga\/wp-json\/wp\/v2\/media?parent=630"}],"curies":[{"name":"wp","href":"https:\/\/api.w.org\/{rel}","templated":true}]}}