{"id":665,"date":"2024-06-26T18:29:47","date_gmt":"2024-06-26T18:29:47","guid":{"rendered":"https:\/\/trine.com.br\/gaiga\/?page_id=665"},"modified":"2024-07-17T19:49:10","modified_gmt":"2024-07-17T19:49:10","slug":"contato","status":"publish","type":"page","link":"https:\/\/trine.com.br\/gaiga\/contato\/","title":{"rendered":"Contato"},"content":{"rendered":"\t\t<div data-elementor-type=\"wp-page\" data-elementor-id=\"665\" class=\"elementor elementor-665\" data-elementor-post-type=\"page\">\n\t\t\t\t<div class=\"elementor-element elementor-element-a8b63a1 e-flex e-con-boxed e-con e-parent\" data-id=\"a8b63a1\" data-element_type=\"container\" data-e-type=\"container\" data-settings=\"{&quot;background_background&quot;:&quot;classic&quot;}\">\n\t\t\t\t\t<div class=\"e-con-inner\">\n\t\t\t\t<div class=\"elementor-element elementor-element-9240776 elementor-widget elementor-widget-heading\" data-id=\"9240776\" data-element_type=\"widget\" data-e-type=\"widget\" data-widget_type=\"heading.default\">\n\t\t\t\t<div class=\"elementor-widget-container\">\n\t\t\t\t\t<h2 class=\"elementor-heading-title elementor-size-default\">Criamos rela\u00e7\u00f5es de longo prazo e crescimento m\u00fatuo<\/h2>\t\t\t\t<\/div>\n\t\t\t\t<\/div>\n\t\t\t\t\t<\/div>\n\t\t\t\t<\/div>\n\t\t<div class=\"elementor-element elementor-element-a752b3b e-flex e-con-boxed e-con e-parent\" data-id=\"a752b3b\" data-element_type=\"container\" data-e-type=\"container\">\n\t\t\t\t\t<div class=\"e-con-inner\">\n\t\t<div class=\"elementor-element elementor-element-6896aab e-con-full e-flex e-con e-child\" data-id=\"6896aab\" data-element_type=\"container\" data-e-type=\"container\">\n\t\t\t\t<div class=\"elementor-element elementor-element-cb0614e elementor-widget elementor-widget-heading\" data-id=\"cb0614e\" data-element_type=\"widget\" data-e-type=\"widget\" data-widget_type=\"heading.default\">\n\t\t\t\t<div class=\"elementor-widget-container\">\n\t\t\t\t\t<h2 class=\"elementor-heading-title elementor-size-default\">Contato<\/h2>\t\t\t\t<\/div>\n\t\t\t\t<\/div>\n\t\t<div class=\"elementor-element elementor-element-af19ad5 e-con-full e-flex e-con e-child\" data-id=\"af19ad5\" data-element_type=\"container\" data-e-type=\"container\">\n\t\t\t\t<div class=\"elementor-element elementor-element-833407f elementor-widget elementor-widget-heading\" data-id=\"833407f\" data-element_type=\"widget\" data-e-type=\"widget\" data-widget_type=\"heading.default\">\n\t\t\t\t<div class=\"elementor-widget-container\">\n\t\t\t\t\t<h2 class=\"elementor-heading-title elementor-size-default\"><a href=\"https:\/\/trine.com.br\/gaiga\/\">HOME<\/a><\/h2>\t\t\t\t<\/div>\n\t\t\t\t<\/div>\n\t\t\t\t<div class=\"elementor-element elementor-element-c0293ae elementor-view-default elementor-widget elementor-widget-icon\" data-id=\"c0293ae\" data-element_type=\"widget\" data-e-type=\"widget\" data-widget_type=\"icon.default\">\n\t\t\t\t<div class=\"elementor-widget-container\">\n\t\t\t\t\t\t\t<div class=\"elementor-icon-wrapper\">\n\t\t\t<div class=\"elementor-icon\">\n\t\t\t<svg aria-hidden=\"true\" class=\"e-font-icon-svg e-fas-chevron-right\" viewBox=\"0 0 320 512\" xmlns=\"http:\/\/www.w3.org\/2000\/svg\"><path d=\"M285.476 272.971L91.132 467.314c-9.373 9.373-24.569 9.373-33.941 0l-22.667-22.667c-9.357-9.357-9.375-24.522-.04-33.901L188.505 256 34.484 101.255c-9.335-9.379-9.317-24.544.04-33.901l22.667-22.667c9.373-9.373 24.569-9.373 33.941 0L285.475 239.03c9.373 9.372 9.373 24.568.001 33.941z\"><\/path><\/svg>\t\t\t<\/div>\n\t\t<\/div>\n\t\t\t\t\t\t<\/div>\n\t\t\t\t<\/div>\n\t\t\t\t<div class=\"elementor-element elementor-element-4192f24 elementor-widget elementor-widget-heading\" data-id=\"4192f24\" data-element_type=\"widget\" data-e-type=\"widget\" data-widget_type=\"heading.default\">\n\t\t\t\t<div class=\"elementor-widget-container\">\n\t\t\t\t\t<h2 class=\"elementor-heading-title elementor-size-default\">CONTATO<\/h2>\t\t\t\t<\/div>\n\t\t\t\t<\/div>\n\t\t\t\t<\/div>\n\t\t\t\t<\/div>\n\t\t\t\t\t<\/div>\n\t\t\t\t<\/div>\n\t\t<div class=\"elementor-element elementor-element-b5a8add e-flex e-con-boxed e-con e-parent\" data-id=\"b5a8add\" data-element_type=\"container\" data-e-type=\"container\">\n\t\t\t\t\t<div class=\"e-con-inner\">\n\t\t<div class=\"elementor-element elementor-element-4e3312c e-con-full e-flex e-con e-child\" data-id=\"4e3312c\" data-element_type=\"container\" data-e-type=\"container\">\n\t\t\t\t<div class=\"elementor-element elementor-element-75014df elementor-widget elementor-widget-heading\" data-id=\"75014df\" data-element_type=\"widget\" data-e-type=\"widget\" data-widget_type=\"heading.default\">\n\t\t\t\t<div class=\"elementor-widget-container\">\n\t\t\t\t\t<h2 class=\"elementor-heading-title elementor-size-default\">Selecione uma forma de contato<\/h2>\t\t\t\t<\/div>\n\t\t\t\t<\/div>\n\t\t\t\t<\/div>\n\t\t\t\t\t<\/div>\n\t\t\t\t<\/div>\n\t\t<div class=\"elementor-element elementor-element-3af38ff e-flex e-con-boxed e-con e-parent\" data-id=\"3af38ff\" data-element_type=\"container\" data-e-type=\"container\">\n\t\t\t\t\t<div class=\"e-con-inner\">\n\t\t<div class=\"elementor-element elementor-element-b185f29 e-con-full e-flex e-con e-child\" data-id=\"b185f29\" data-element_type=\"container\" data-e-type=\"container\">\n\t\t\t\t<div class=\"elementor-element elementor-element-8152714 elementor-widget elementor-widget-image\" data-id=\"8152714\" data-element_type=\"widget\" data-e-type=\"widget\" data-widget_type=\"image.default\">\n\t\t\t\t<div class=\"elementor-widget-container\">\n\t\t\t\t\t\t\t\t\t\t\t\t\t\t\t\t<a href=\"https:\/\/trine.com.br\/gaiga\/fale-conosco\/\">\n\t\t\t\t\t\t\t<img fetchpriority=\"high\" decoding=\"async\" width=\"500\" height=\"500\" src=\"https:\/\/trine.com.br\/gaiga\/wp-content\/uploads\/faleconosco-1.png\" class=\"attachment-large size-large wp-image-1364\" alt=\"\" srcset=\"https:\/\/trine.com.br\/gaiga\/wp-content\/uploads\/faleconosco-1.png 500w, https:\/\/trine.com.br\/gaiga\/wp-content\/uploads\/faleconosco-1-300x300.png 300w, https:\/\/trine.com.br\/gaiga\/wp-content\/uploads\/faleconosco-1-150x150.png 150w, https:\/\/trine.com.br\/gaiga\/wp-content\/uploads\/faleconosco-1-146x146.png 146w\" sizes=\"(max-width: 500px) 100vw, 500px\" \/>\t\t\t\t\t\t\t\t<\/a>\n\t\t\t\t\t\t\t\t\t\t\t\t\t\t\t<\/div>\n\t\t\t\t<\/div>\n\t\t\t\t<div class=\"elementor-element elementor-element-a3a0aea elementor-widget elementor-widget-heading\" data-id=\"a3a0aea\" data-element_type=\"widget\" data-e-type=\"widget\" data-widget_type=\"heading.default\">\n\t\t\t\t<div class=\"elementor-widget-container\">\n\t\t\t\t\t<h2 class=\"elementor-heading-title elementor-size-default\"><a href=\"https:\/\/trine.com.br\/gaiga\/fale-conosco\/\">Fale conosco<\/a><\/h2>\t\t\t\t<\/div>\n\t\t\t\t<\/div>\n\t\t\t\t<\/div>\n\t\t<div class=\"elementor-element elementor-element-74cd9f8 e-con-full e-flex e-con e-child\" data-id=\"74cd9f8\" data-element_type=\"container\" data-e-type=\"container\">\n\t\t\t\t<div class=\"elementor-element elementor-element-1a43722 elementor-widget elementor-widget-image\" data-id=\"1a43722\" data-element_type=\"widget\" data-e-type=\"widget\" data-widget_type=\"image.default\">\n\t\t\t\t<div class=\"elementor-widget-container\">\n\t\t\t\t\t\t\t\t\t\t\t\t\t\t\t\t<a href=\"https:\/\/trine.com.br\/gaiga\/enviar-curriculo\/\">\n\t\t\t\t\t\t\t<img decoding=\"async\" width=\"500\" height=\"500\" src=\"https:\/\/trine.com.br\/gaiga\/wp-content\/uploads\/curriculo-1.png\" class=\"attachment-large size-large wp-image-1366\" alt=\"\" srcset=\"https:\/\/trine.com.br\/gaiga\/wp-content\/uploads\/curriculo-1.png 500w, https:\/\/trine.com.br\/gaiga\/wp-content\/uploads\/curriculo-1-300x300.png 300w, https:\/\/trine.com.br\/gaiga\/wp-content\/uploads\/curriculo-1-150x150.png 150w, https:\/\/trine.com.br\/gaiga\/wp-content\/uploads\/curriculo-1-146x146.png 146w\" sizes=\"(max-width: 500px) 100vw, 500px\" \/>\t\t\t\t\t\t\t\t<\/a>\n\t\t\t\t\t\t\t\t\t\t\t\t\t\t\t<\/div>\n\t\t\t\t<\/div>\n\t\t\t\t<div class=\"elementor-element elementor-element-51b7c87 elementor-widget elementor-widget-heading\" data-id=\"51b7c87\" data-element_type=\"widget\" data-e-type=\"widget\" data-widget_type=\"heading.default\">\n\t\t\t\t<div class=\"elementor-widget-container\">\n\t\t\t\t\t<h2 class=\"elementor-heading-title elementor-size-default\"><a href=\"https:\/\/trine.com.br\/gaiga\/enviar-curriculo\/\">Enviar um curr\u00edculo<\/a><\/h2>\t\t\t\t<\/div>\n\t\t\t\t<\/div>\n\t\t\t\t<\/div>\n\t\t\t\t\t<\/div>\n\t\t\t\t<\/div>\n\t\t\t\t<\/div>\n\t\t","protected":false},"excerpt":{"rendered":"<p>Criamos rela\u00e7\u00f5es de longo prazo e crescimento m\u00fatuo Contato HOME CONTATO Selecione uma forma de contato Fale conosco Enviar um curr\u00edculo<\/p>\n","protected":false},"author":1,"featured_media":0,"parent":0,"menu_order":0,"comment_status":"closed","ping_status":"closed","template":"","meta":{"nf_dc_page":"","_joinchat":[],"footnotes":""},"class_list":["post-665","page","type-page","status-publish","hentry"],"_links":{"self":[{"href":"https:\/\/trine.com.br\/gaiga\/wp-json\/wp\/v2\/pages\/665","targetHints":{"allow":["GET"]}}],"collection":[{"href":"https:\/\/trine.com.br\/gaiga\/wp-json\/wp\/v2\/pages"}],"about":[{"href":"https:\/\/trine.com.br\/gaiga\/wp-json\/wp\/v2\/types\/page"}],"author":[{"embeddable":true,"href":"https:\/\/trine.com.br\/gaiga\/wp-json\/wp\/v2\/users\/1"}],"replies":[{"embeddable":true,"href":"https:\/\/trine.com.br\/gaiga\/wp-json\/wp\/v2\/comments?post=665"}],"version-history":[{"count":5,"href":"https:\/\/trine.com.br\/gaiga\/wp-json\/wp\/v2\/pages\/665\/revisions"}],"predecessor-version":[{"id":1950,"href":"https:\/\/trine.com.br\/gaiga\/wp-json\/wp\/v2\/pages\/665\/revisions\/1950"}],"wp:attachment":[{"href":"https:\/\/trine.com.br\/gaiga\/wp-json\/wp\/v2\/media?parent=665"}],"curies":[{"name":"wp","href":"https:\/\/api.w.org\/{rel}","templated":true}]}}